{"id":100,"date":"2021-03-24T16:52:55","date_gmt":"2021-03-24T19:52:55","guid":{"rendered":"https:\/\/www.espiaosip.com.br\/servicos\/?page_id=100"},"modified":"2021-03-29T08:30:07","modified_gmt":"2021-03-29T11:30:07","slug":"investigacao-conjugal","status":"publish","type":"page","link":"https:\/\/www.espiaosip.com.br\/servicos\/investigacao-conjugal\/","title":{"rendered":"Investiga\u00e7\u00e3o Conjugal"},"content":{"rendered":"\t\t<div data-elementor-type=\"wp-page\" data-elementor-id=\"100\" class=\"elementor elementor-100\" data-elementor-post-type=\"page\">\n\t\t\t\t\t\t<section class=\"elementor-section elementor-top-section elementor-element elementor-element-64ee53db elementor-section-boxed elementor-section-height-default elementor-section-height-default\" data-id=\"64ee53db\" data-element_type=\"section\" data-settings=\"{&quot;background_background&quot;:&quot;classic&quot;,&quot;background_motion_fx_motion_fx_scrolling&quot;:&quot;yes&quot;,&quot;animation&quot;:&quot;none&quot;,&quot;background_motion_fx_devices&quot;:[&quot;desktop&quot;,&quot;tablet&quot;,&quot;mobile&quot;]}\">\n\t\t\t\t\t\t<div class=\"elementor-container elementor-column-gap-default\">\n\t\t\t\t\t<div class=\"elementor-column elementor-col-100 elementor-top-column elementor-element elementor-element-5fc913d6\" data-id=\"5fc913d6\" data-element_type=\"column\" data-settings=\"{&quot;background_background&quot;:&quot;classic&quot;}\">\n\t\t\t<div class=\"elementor-widget-wrap elementor-element-populated\">\n\t\t\t\t\t\t<div class=\"elementor-element elementor-element-293fc597 elementor-widget elementor-widget-heading\" data-id=\"293fc597\" data-element_type=\"widget\" data-widget_type=\"heading.default\">\n\t\t\t\t<div class=\"elementor-widget-container\">\n\t\t\t\t\t<h1 class=\"elementor-heading-title elementor-size-large\">Precisando de uma Investiga\u00e7\u00e3o Conjugal?<\/h1>\t\t\t\t<\/div>\n\t\t\t\t<\/div>\n\t\t\t\t<div class=\"elementor-element elementor-element-23eb3b24 elementor-widget elementor-widget-text-editor\" data-id=\"23eb3b24\" data-element_type=\"widget\" data-widget_type=\"text-editor.default\">\n\t\t\t\t<div class=\"elementor-widget-container\">\n\t\t\t\t\t\t\t\t\t<p>A Ag\u00eancia Espi\u00e3o SIP tem os melhores Detetives para te ajudar na sua Investiga\u00e7\u00e3o Conjugal, tudo com muito sigilo e rapidez.<\/p>\t\t\t\t\t\t\t\t<\/div>\n\t\t\t\t<\/div>\n\t\t\t\t\t<\/div>\n\t\t<\/div>\n\t\t\t\t\t<\/div>\n\t\t<\/section>\n\t\t\t\t<section class=\"elementor-section elementor-top-section elementor-element elementor-element-ee0cf8e elementor-section-boxed elementor-section-height-default elementor-section-height-default\" data-id=\"ee0cf8e\" data-element_type=\"section\">\n\t\t\t\t\t\t<div class=\"elementor-container elementor-column-gap-default\">\n\t\t\t\t\t<div class=\"elementor-column elementor-col-100 elementor-top-column elementor-element elementor-element-a5f2141\" data-id=\"a5f2141\" data-element_type=\"column\">\n\t\t\t<div class=\"elementor-widget-wrap elementor-element-populated\">\n\t\t\t\t\t\t<div class=\"elementor-element elementor-element-64004e5 elementor-widget elementor-widget-heading\" data-id=\"64004e5\" data-element_type=\"widget\" data-widget_type=\"heading.default\">\n\t\t\t\t<div class=\"elementor-widget-container\">\n\t\t\t\t\t<h2 class=\"elementor-heading-title elementor-size-default\">Investiga\u00e7\u00e3o Conjugal<\/h2>\t\t\t\t<\/div>\n\t\t\t\t<\/div>\n\t\t\t\t<div class=\"elementor-element elementor-element-b8b93cf elementor-widget elementor-widget-text-editor\" data-id=\"b8b93cf\" data-element_type=\"widget\" data-widget_type=\"text-editor.default\">\n\t\t\t\t<div class=\"elementor-widget-container\">\n\t\t\t\t\t\t\t\t\t<p><img fetchpriority=\"high\" decoding=\"async\" class=\"alignleft wp-image-134\" src=\"https:\/\/www.espiaosip.com.br\/servicos\/wp-content\/uploads\/2021\/03\/Investigacao-Conjugal-Detetive-300x200.jpg\" alt=\"Investiga\u00e7\u00e3o Conjugal Detetive\" width=\"400\" height=\"267\" srcset=\"https:\/\/www.espiaosip.com.br\/servicos\/wp-content\/uploads\/2021\/03\/Investigacao-Conjugal-Detetive-300x200.jpg 300w, https:\/\/www.espiaosip.com.br\/servicos\/wp-content\/uploads\/2021\/03\/Investigacao-Conjugal-Detetive.jpg 700w\" sizes=\"(max-width: 400px) 100vw, 400px\" \/>Nossa <em>investiga\u00e7\u00e3o conjugal<\/em>\u00a0\u00e9 feita de forma sigilosa e serve para se te prevenir de problemas pessoais, emocionais e financeiros,\u00a0 al\u00e9m de te proteger tanto no aspecto moral quanto para a obten\u00e7\u00e3o de uma separa\u00e7\u00e3o judicial com a prote\u00e7\u00e3o que a lei lhe proporciona em lit\u00edgios conjugais deste porte.<\/p><p>\u00a0<\/p><p>A Espi\u00e3o SIP atua neste ramo de\u00a0<i>investiga\u00e7\u00e3o<\/i>\u00a0a mais de 25 anos, j\u00e1 resolvemos casos de adult\u00e9rio em diversas cidades e estados do pa\u00eds, atuamos em todo o territ\u00f3rio nacional com detetives especializados nesta \u00e1rea. Diariamente casos e mais casos s\u00e3o solucionados com a ajuda da mais moderna tecnologia aplicada nesta \u00e1rea de\u00a0<b>investiga\u00e7\u00e3o conjugal<\/b>, o mais absoluto sigilo e conformo para nossos clientes, visando assim o bem estar de nossos parceiros, evitando todo e qualquer tipo de constrangimento perante a fam\u00edlia e sociedade.<\/p><p>\u00a0<\/p><p>Fale com nossos detetives, tire todas as suas d\u00favidas, muitas pessoas tem medo da mudan\u00e7a, n\u00e3o tenha este medo, n\u00e3o deixe que oportunistas tomem o que h\u00e1 de melhor em sua vida, proteja sua fam\u00edlia, seus filhos, seus bens. Nossa ag\u00eancia presa pelo sigilo absoluto, toda informa\u00e7\u00e3o recolhida s\u00e3o entregues com total seguran\u00e7a e dentro do prazo estipulado.<\/p>\t\t\t\t\t\t\t\t<\/div>\n\t\t\t\t<\/div>\n\t\t\t\t\t<\/div>\n\t\t<\/div>\n\t\t\t\t\t<\/div>\n\t\t<\/section>\n\t\t\t\t<section class=\"elementor-section elementor-top-section elementor-element elementor-element-e309af5 elementor-section-boxed elementor-section-height-default elementor-section-height-default\" data-id=\"e309af5\" data-element_type=\"section\" data-settings=\"{&quot;background_background&quot;:&quot;classic&quot;}\">\n\t\t\t\t\t\t<div class=\"elementor-container elementor-column-gap-default\">\n\t\t\t\t\t<div class=\"elementor-column elementor-col-100 elementor-top-column elementor-element elementor-element-2e0fb45\" data-id=\"2e0fb45\" data-element_type=\"column\">\n\t\t\t<div class=\"elementor-widget-wrap elementor-element-populated\">\n\t\t\t\t\t\t<section class=\"elementor-section elementor-inner-section elementor-element elementor-element-a1b45ad elementor-section-boxed elementor-section-height-default elementor-section-height-default\" data-id=\"a1b45ad\" data-element_type=\"section\">\n\t\t\t\t\t\t<div class=\"elementor-container elementor-column-gap-default\">\n\t\t\t\t\t<div class=\"elementor-column elementor-col-50 elementor-inner-column elementor-element elementor-element-4360999\" data-id=\"4360999\" data-element_type=\"column\">\n\t\t\t<div class=\"elementor-widget-wrap elementor-element-populated\">\n\t\t\t\t\t\t<div class=\"elementor-element elementor-element-a63b1fc elementor-widget elementor-widget-heading\" data-id=\"a63b1fc\" data-element_type=\"widget\" data-widget_type=\"heading.default\">\n\t\t\t\t<div class=\"elementor-widget-container\">\n\t\t\t\t\t<h2 class=\"elementor-heading-title elementor-size-large\">Preserve sua Fam\u00edlia de Mentiras e Trai\u00e7\u00f5es, a Ag\u00eancia SIP possui os melhores Detetives em todo Brasil, entre em contato e tire suas d\u00favidas.<\/h2>\t\t\t\t<\/div>\n\t\t\t\t<\/div>\n\t\t\t\t\t<\/div>\n\t\t<\/div>\n\t\t\t\t<div class=\"elementor-column elementor-col-50 elementor-inner-column elementor-element elementor-element-f0bbf82\" data-id=\"f0bbf82\" data-element_type=\"column\">\n\t\t\t<div class=\"elementor-widget-wrap elementor-element-populated\">\n\t\t\t\t\t\t<div class=\"elementor-element elementor-element-e82aa6d elementor-align-center elementor-widget elementor-widget-button\" data-id=\"e82aa6d\" data-element_type=\"widget\" data-widget_type=\"button.default\">\n\t\t\t\t<div class=\"elementor-widget-container\">\n\t\t\t\t\t\t\t\t\t<div class=\"elementor-button-wrapper\">\n\t\t\t\t\t<a class=\"elementor-button elementor-button-link elementor-size-md\" href=\"https:\/\/www.espiaosip.com.br\/servicos\/contato\/\" rel=\"nofollow\">\n\t\t\t\t\t\t<span class=\"elementor-button-content-wrapper\">\n\t\t\t\t\t\t\t\t\t<span class=\"elementor-button-text\">CONTATO<\/span>\n\t\t\t\t\t<\/span>\n\t\t\t\t\t<\/a>\n\t\t\t\t<\/div>\n\t\t\t\t\t\t\t\t<\/div>\n\t\t\t\t<\/div>\n\t\t\t\t\t<\/div>\n\t\t<\/div>\n\t\t\t\t\t<\/div>\n\t\t<\/section>\n\t\t\t\t\t<\/div>\n\t\t<\/div>\n\t\t\t\t\t<\/div>\n\t\t<\/section>\n\t\t\t\t<\/div>\n\t\t","protected":false},"excerpt":{"rendered":"<p>Precisando de uma Investiga\u00e7\u00e3o Conjugal? A Ag\u00eancia Espi\u00e3o SIP tem os melhores Detetives para te ajudar na sua Investiga\u00e7\u00e3o Conjugal, tudo com muito sigilo e rapidez. Nossa investiga\u00e7\u00e3o conjugal\u00a0\u00e9 feita de forma sigilosa e serve para se te prevenir de problemas pessoais, emocionais e financeiros,\u00a0 al\u00e9m de te proteger tanto no aspecto moral quanto para &#8230; <a title=\"Investiga\u00e7\u00e3o Conjugal\" class=\"read-more\" href=\"https:\/\/www.espiaosip.com.br\/servicos\/investigacao-conjugal\/\" aria-label=\"More on Investiga\u00e7\u00e3o Conjugal\">Ler mais<\/a><\/p>\n","protected":false},"author":1,"featured_media":0,"parent":0,"menu_order":0,"comment_status":"closed","ping_status":"closed","template":"elementor_header_footer","meta":{"footnotes":""},"class_list":["post-100","page","type-page","status-publish"],"yoast_head":"<!-- This site is optimized with the Yoast SEO plugin v26.9 - https:\/\/yoast.com\/product\/yoast-seo-wordpress\/ -->\n<title>Investiga\u00e7\u00e3o Conjugal em todo Brasil - Espiao SIP<\/title>\n<meta name=\"description\" content=\"Precisando de uma Investiga\u00e7\u00e3o Conjugal com rapidez e sigilo absoluto? A SIP tem a solu\u00e7\u00e3o, entre em contato e tire suas d\u00favidas.\" \/>\n<meta name=\"robots\" content=\"index, follow, max-snippet:-1, max-image-preview:large, max-video-preview:-1\" \/>\n<link rel=\"canonical\" href=\"https:\/\/www.espiaosip.com.br\/servicos\/investigacao-conjugal\/\" \/>\n<meta property=\"og:locale\" content=\"pt_BR\" \/>\n<meta property=\"og:type\" content=\"article\" \/>\n<meta property=\"og:title\" content=\"Investiga\u00e7\u00e3o Conjugal em todo Brasil - Espiao SIP\" \/>\n<meta property=\"og:description\" content=\"Precisando de uma Investiga\u00e7\u00e3o Conjugal com sigilo e rapidez? A SIP tem a solu\u00e7\u00e3o, contamos com os melhores Detetives, entre em contato.\" \/>\n<meta property=\"og:url\" content=\"https:\/\/www.espiaosip.com.br\/servicos\/investigacao-conjugal\/\" \/>\n<meta property=\"og:site_name\" content=\"Espiao SIP\" \/>\n<meta property=\"article:modified_time\" content=\"2021-03-29T11:30:07+00:00\" \/>\n<meta property=\"og:image\" content=\"https:\/\/www.espiaosip.com.br\/servicos\/wp-content\/uploads\/2021\/03\/Investigacao-Conjugal-Traicao.jpg\" \/>\n\t<meta property=\"og:image:width\" content=\"1000\" \/>\n\t<meta property=\"og:image:height\" content=\"667\" \/>\n\t<meta property=\"og:image:type\" content=\"image\/jpeg\" \/>\n<meta name=\"twitter:card\" content=\"summary_large_image\" \/>\n<meta name=\"twitter:label1\" content=\"Est. tempo de leitura\" \/>\n\t<meta name=\"twitter:data1\" content=\"2 minutos\" \/>\n<script type=\"application\/ld+json\" class=\"yoast-schema-graph\">{\"@context\":\"https:\/\/schema.org\",\"@graph\":[{\"@type\":\"WebPage\",\"@id\":\"https:\/\/www.espiaosip.com.br\/servicos\/investigacao-conjugal\/\",\"url\":\"https:\/\/www.espiaosip.com.br\/servicos\/investigacao-conjugal\/\",\"name\":\"Investiga\u00e7\u00e3o Conjugal em todo Brasil - Espiao SIP\",\"isPartOf\":{\"@id\":\"https:\/\/www.espiaosip.com.br\/servicos\/#website\"},\"primaryImageOfPage\":{\"@id\":\"https:\/\/www.espiaosip.com.br\/servicos\/investigacao-conjugal\/#primaryimage\"},\"image\":{\"@id\":\"https:\/\/www.espiaosip.com.br\/servicos\/investigacao-conjugal\/#primaryimage\"},\"thumbnailUrl\":\"https:\/\/www.espiaosip.com.br\/servicos\/wp-content\/uploads\/2021\/03\/Investigacao-Conjugal-Detetive-300x200.jpg\",\"datePublished\":\"2021-03-24T19:52:55+00:00\",\"dateModified\":\"2021-03-29T11:30:07+00:00\",\"description\":\"Precisando de uma Investiga\u00e7\u00e3o Conjugal com rapidez e sigilo absoluto? A SIP tem a solu\u00e7\u00e3o, entre em contato e tire suas d\u00favidas.\",\"breadcrumb\":{\"@id\":\"https:\/\/www.espiaosip.com.br\/servicos\/investigacao-conjugal\/#breadcrumb\"},\"inLanguage\":\"pt-BR\",\"potentialAction\":[{\"@type\":\"ReadAction\",\"target\":[\"https:\/\/www.espiaosip.com.br\/servicos\/investigacao-conjugal\/\"]}]},{\"@type\":\"ImageObject\",\"inLanguage\":\"pt-BR\",\"@id\":\"https:\/\/www.espiaosip.com.br\/servicos\/investigacao-conjugal\/#primaryimage\",\"url\":\"https:\/\/www.espiaosip.com.br\/servicos\/wp-content\/uploads\/2021\/03\/Investigacao-Conjugal-Detetive.jpg\",\"contentUrl\":\"https:\/\/www.espiaosip.com.br\/servicos\/wp-content\/uploads\/2021\/03\/Investigacao-Conjugal-Detetive.jpg\",\"width\":700,\"height\":467},{\"@type\":\"BreadcrumbList\",\"@id\":\"https:\/\/www.espiaosip.com.br\/servicos\/investigacao-conjugal\/#breadcrumb\",\"itemListElement\":[{\"@type\":\"ListItem\",\"position\":1,\"name\":\"In\u00edcio\",\"item\":\"https:\/\/www.espiaosip.com.br\/servicos\/\"},{\"@type\":\"ListItem\",\"position\":2,\"name\":\"Investiga\u00e7\u00e3o Conjugal\"}]},{\"@type\":\"WebSite\",\"@id\":\"https:\/\/www.espiaosip.com.br\/servicos\/#website\",\"url\":\"https:\/\/www.espiaosip.com.br\/servicos\/\",\"name\":\"Espiao SIP\",\"description\":\"Precisando de um Detetive Particular de Confian\u00e7a? Trabalhamos com sigilo 24 horas por dia. Entrem em contato para mais informa\u00e7\u00f5es.\",\"publisher\":{\"@id\":\"https:\/\/www.espiaosip.com.br\/servicos\/#organization\"},\"potentialAction\":[{\"@type\":\"SearchAction\",\"target\":{\"@type\":\"EntryPoint\",\"urlTemplate\":\"https:\/\/www.espiaosip.com.br\/servicos\/?s={search_term_string}\"},\"query-input\":{\"@type\":\"PropertyValueSpecification\",\"valueRequired\":true,\"valueName\":\"search_term_string\"}}],\"inLanguage\":\"pt-BR\"},{\"@type\":\"Organization\",\"@id\":\"https:\/\/www.espiaosip.com.br\/servicos\/#organization\",\"name\":\"Espiao SIP\",\"url\":\"https:\/\/www.espiaosip.com.br\/servicos\/\",\"logo\":{\"@type\":\"ImageObject\",\"inLanguage\":\"pt-BR\",\"@id\":\"https:\/\/www.espiaosip.com.br\/servicos\/#\/schema\/logo\/image\/\",\"url\":\"https:\/\/www.espiaosip.com.br\/servicos\/wp-content\/uploads\/2021\/03\/cropped-Detetive-Particular-1.png\",\"contentUrl\":\"https:\/\/www.espiaosip.com.br\/servicos\/wp-content\/uploads\/2021\/03\/cropped-Detetive-Particular-1.png\",\"width\":385,\"height\":112,\"caption\":\"Espiao SIP\"},\"image\":{\"@id\":\"https:\/\/www.espiaosip.com.br\/servicos\/#\/schema\/logo\/image\/\"}}]}<\/script>\n<!-- \/ Yoast SEO plugin. -->","yoast_head_json":{"title":"Investiga\u00e7\u00e3o Conjugal em todo Brasil - Espiao SIP","description":"Precisando de uma Investiga\u00e7\u00e3o Conjugal com rapidez e sigilo absoluto? A SIP tem a solu\u00e7\u00e3o, entre em contato e tire suas d\u00favidas.","robots":{"index":"index","follow":"follow","max-snippet":"max-snippet:-1","max-image-preview":"max-image-preview:large","max-video-preview":"max-video-preview:-1"},"canonical":"https:\/\/www.espiaosip.com.br\/servicos\/investigacao-conjugal\/","og_locale":"pt_BR","og_type":"article","og_title":"Investiga\u00e7\u00e3o Conjugal em todo Brasil - Espiao SIP","og_description":"Precisando de uma Investiga\u00e7\u00e3o Conjugal com sigilo e rapidez? A SIP tem a solu\u00e7\u00e3o, contamos com os melhores Detetives, entre em contato.","og_url":"https:\/\/www.espiaosip.com.br\/servicos\/investigacao-conjugal\/","og_site_name":"Espiao SIP","article_modified_time":"2021-03-29T11:30:07+00:00","og_image":[{"width":1000,"height":667,"url":"https:\/\/www.espiaosip.com.br\/servicos\/wp-content\/uploads\/2021\/03\/Investigacao-Conjugal-Traicao.jpg","type":"image\/jpeg"}],"twitter_card":"summary_large_image","twitter_misc":{"Est. tempo de leitura":"2 minutos"},"schema":{"@context":"https:\/\/schema.org","@graph":[{"@type":"WebPage","@id":"https:\/\/www.espiaosip.com.br\/servicos\/investigacao-conjugal\/","url":"https:\/\/www.espiaosip.com.br\/servicos\/investigacao-conjugal\/","name":"Investiga\u00e7\u00e3o Conjugal em todo Brasil - Espiao SIP","isPartOf":{"@id":"https:\/\/www.espiaosip.com.br\/servicos\/#website"},"primaryImageOfPage":{"@id":"https:\/\/www.espiaosip.com.br\/servicos\/investigacao-conjugal\/#primaryimage"},"image":{"@id":"https:\/\/www.espiaosip.com.br\/servicos\/investigacao-conjugal\/#primaryimage"},"thumbnailUrl":"https:\/\/www.espiaosip.com.br\/servicos\/wp-content\/uploads\/2021\/03\/Investigacao-Conjugal-Detetive-300x200.jpg","datePublished":"2021-03-24T19:52:55+00:00","dateModified":"2021-03-29T11:30:07+00:00","description":"Precisando de uma Investiga\u00e7\u00e3o Conjugal com rapidez e sigilo absoluto? A SIP tem a solu\u00e7\u00e3o, entre em contato e tire suas d\u00favidas.","breadcrumb":{"@id":"https:\/\/www.espiaosip.com.br\/servicos\/investigacao-conjugal\/#breadcrumb"},"inLanguage":"pt-BR","potentialAction":[{"@type":"ReadAction","target":["https:\/\/www.espiaosip.com.br\/servicos\/investigacao-conjugal\/"]}]},{"@type":"ImageObject","inLanguage":"pt-BR","@id":"https:\/\/www.espiaosip.com.br\/servicos\/investigacao-conjugal\/#primaryimage","url":"https:\/\/www.espiaosip.com.br\/servicos\/wp-content\/uploads\/2021\/03\/Investigacao-Conjugal-Detetive.jpg","contentUrl":"https:\/\/www.espiaosip.com.br\/servicos\/wp-content\/uploads\/2021\/03\/Investigacao-Conjugal-Detetive.jpg","width":700,"height":467},{"@type":"BreadcrumbList","@id":"https:\/\/www.espiaosip.com.br\/servicos\/investigacao-conjugal\/#breadcrumb","itemListElement":[{"@type":"ListItem","position":1,"name":"In\u00edcio","item":"https:\/\/www.espiaosip.com.br\/servicos\/"},{"@type":"ListItem","position":2,"name":"Investiga\u00e7\u00e3o Conjugal"}]},{"@type":"WebSite","@id":"https:\/\/www.espiaosip.com.br\/servicos\/#website","url":"https:\/\/www.espiaosip.com.br\/servicos\/","name":"Espiao SIP","description":"Precisando de um Detetive Particular de Confian\u00e7a? Trabalhamos com sigilo 24 horas por dia. Entrem em contato para mais informa\u00e7\u00f5es.","publisher":{"@id":"https:\/\/www.espiaosip.com.br\/servicos\/#organization"},"potentialAction":[{"@type":"SearchAction","target":{"@type":"EntryPoint","urlTemplate":"https:\/\/www.espiaosip.com.br\/servicos\/?s={search_term_string}"},"query-input":{"@type":"PropertyValueSpecification","valueRequired":true,"valueName":"search_term_string"}}],"inLanguage":"pt-BR"},{"@type":"Organization","@id":"https:\/\/www.espiaosip.com.br\/servicos\/#organization","name":"Espiao SIP","url":"https:\/\/www.espiaosip.com.br\/servicos\/","logo":{"@type":"ImageObject","inLanguage":"pt-BR","@id":"https:\/\/www.espiaosip.com.br\/servicos\/#\/schema\/logo\/image\/","url":"https:\/\/www.espiaosip.com.br\/servicos\/wp-content\/uploads\/2021\/03\/cropped-Detetive-Particular-1.png","contentUrl":"https:\/\/www.espiaosip.com.br\/servicos\/wp-content\/uploads\/2021\/03\/cropped-Detetive-Particular-1.png","width":385,"height":112,"caption":"Espiao SIP"},"image":{"@id":"https:\/\/www.espiaosip.com.br\/servicos\/#\/schema\/logo\/image\/"}}]}},"_links":{"self":[{"href":"https:\/\/www.espiaosip.com.br\/servicos\/wp-json\/wp\/v2\/pages\/100","targetHints":{"allow":["GET"]}}],"collection":[{"href":"https:\/\/www.espiaosip.com.br\/servicos\/wp-json\/wp\/v2\/pages"}],"about":[{"href":"https:\/\/www.espiaosip.com.br\/servicos\/wp-json\/wp\/v2\/types\/page"}],"author":[{"embeddable":true,"href":"https:\/\/www.espiaosip.com.br\/servicos\/wp-json\/wp\/v2\/users\/1"}],"replies":[{"embeddable":true,"href":"https:\/\/www.espiaosip.com.br\/servicos\/wp-json\/wp\/v2\/comments?post=100"}],"version-history":[{"count":22,"href":"https:\/\/www.espiaosip.com.br\/servicos\/wp-json\/wp\/v2\/pages\/100\/revisions"}],"predecessor-version":[{"id":339,"href":"https:\/\/www.espiaosip.com.br\/servicos\/wp-json\/wp\/v2\/pages\/100\/revisions\/339"}],"wp:attachment":[{"href":"https:\/\/www.espiaosip.com.br\/servicos\/wp-json\/wp\/v2\/media?parent=100"}],"curies":[{"name":"wp","href":"https:\/\/api.w.org\/{rel}","templated":true}]}}