{"id":102,"date":"2021-03-24T16:53:18","date_gmt":"2021-03-24T19:53:18","guid":{"rendered":"https:\/\/www.espiaosip.com.br\/servicos\/?page_id=102"},"modified":"2021-03-29T08:33:49","modified_gmt":"2021-03-29T11:33:49","slug":"investigacao-empresarial","status":"publish","type":"page","link":"https:\/\/www.espiaosip.com.br\/servicos\/investigacao-empresarial\/","title":{"rendered":"Investiga\u00e7\u00e3o Empresarial"},"content":{"rendered":"\t\t<div data-elementor-type=\"wp-page\" data-elementor-id=\"102\" class=\"elementor elementor-102\" data-elementor-post-type=\"page\">\n\t\t\t\t\t\t<section class=\"elementor-section elementor-top-section elementor-element elementor-element-6fb54c2 elementor-section-boxed elementor-section-height-default elementor-section-height-default\" data-id=\"6fb54c2\" data-element_type=\"section\" data-settings=\"{&quot;background_background&quot;:&quot;classic&quot;,&quot;background_motion_fx_motion_fx_scrolling&quot;:&quot;yes&quot;,&quot;animation&quot;:&quot;none&quot;,&quot;background_motion_fx_devices&quot;:[&quot;desktop&quot;,&quot;tablet&quot;,&quot;mobile&quot;]}\">\n\t\t\t\t\t\t<div class=\"elementor-container elementor-column-gap-default\">\n\t\t\t\t\t<div class=\"elementor-column elementor-col-100 elementor-top-column elementor-element elementor-element-296aebef\" data-id=\"296aebef\" data-element_type=\"column\" data-settings=\"{&quot;background_background&quot;:&quot;classic&quot;}\">\n\t\t\t<div class=\"elementor-widget-wrap elementor-element-populated\">\n\t\t\t\t\t\t<div class=\"elementor-element elementor-element-4098fbbd elementor-widget elementor-widget-heading\" data-id=\"4098fbbd\" data-element_type=\"widget\" data-widget_type=\"heading.default\">\n\t\t\t\t<div class=\"elementor-widget-container\">\n\t\t\t\t\t<h1 class=\"elementor-heading-title elementor-size-large\">Est\u00e1 precisando de uma Investiga\u00e7\u00e3o Empresarial para o seu neg\u00f3cio?<\/h1>\t\t\t\t<\/div>\n\t\t\t\t<\/div>\n\t\t\t\t<div class=\"elementor-element elementor-element-4b2aae06 elementor-widget elementor-widget-text-editor\" data-id=\"4b2aae06\" data-element_type=\"widget\" data-widget_type=\"text-editor.default\">\n\t\t\t\t<div class=\"elementor-widget-container\">\n\t\t\t\t\t\t\t\t\t<p>A Ag\u00eancia Espi\u00e3o SIP tem os melhores Detetives para te ajudar na sua Investiga\u00e7\u00e3o Empresarial, tudo com muito sigilo e rapidez.<\/p>\t\t\t\t\t\t\t\t<\/div>\n\t\t\t\t<\/div>\n\t\t\t\t\t<\/div>\n\t\t<\/div>\n\t\t\t\t\t<\/div>\n\t\t<\/section>\n\t\t\t\t<section class=\"elementor-section elementor-top-section elementor-element elementor-element-4a8debb elementor-section-boxed elementor-section-height-default elementor-section-height-default\" data-id=\"4a8debb\" data-element_type=\"section\">\n\t\t\t\t\t\t<div class=\"elementor-container elementor-column-gap-default\">\n\t\t\t\t\t<div class=\"elementor-column elementor-col-100 elementor-top-column elementor-element elementor-element-633f9a1\" data-id=\"633f9a1\" data-element_type=\"column\">\n\t\t\t<div class=\"elementor-widget-wrap elementor-element-populated\">\n\t\t\t\t\t\t<div class=\"elementor-element elementor-element-c15e87d elementor-widget elementor-widget-heading\" data-id=\"c15e87d\" data-element_type=\"widget\" data-widget_type=\"heading.default\">\n\t\t\t\t<div class=\"elementor-widget-container\">\n\t\t\t\t\t<h2 class=\"elementor-heading-title elementor-size-default\">Investiga\u00e7\u00e3o Empresarial<\/h2>\t\t\t\t<\/div>\n\t\t\t\t<\/div>\n\t\t\t\t<div class=\"elementor-element elementor-element-e0716eb elementor-widget elementor-widget-text-editor\" data-id=\"e0716eb\" data-element_type=\"widget\" data-widget_type=\"text-editor.default\">\n\t\t\t\t<div class=\"elementor-widget-container\">\n\t\t\t\t\t\t\t\t\t<p><img fetchpriority=\"high\" decoding=\"async\" class=\"alignleft wp-image-184\" src=\"https:\/\/www.espiaosip.com.br\/servicos\/wp-content\/uploads\/2021\/03\/Investigacao-Empresarial-Detetive-300x188.jpg\" alt=\"Investiga\u00e7\u00e3o Empresarial Detetive\" width=\"400\" height=\"250\" srcset=\"https:\/\/www.espiaosip.com.br\/servicos\/wp-content\/uploads\/2021\/03\/Investigacao-Empresarial-Detetive-300x188.jpg 300w, https:\/\/www.espiaosip.com.br\/servicos\/wp-content\/uploads\/2021\/03\/Investigacao-Empresarial-Detetive-1024x640.jpg 1024w, https:\/\/www.espiaosip.com.br\/servicos\/wp-content\/uploads\/2021\/03\/Investigacao-Empresarial-Detetive-768x480.jpg 768w, https:\/\/www.espiaosip.com.br\/servicos\/wp-content\/uploads\/2021\/03\/Investigacao-Empresarial-Detetive.jpg 1080w\" sizes=\"(max-width: 400px) 100vw, 400px\" \/>A <strong>Investiga\u00e7\u00e3o Empresarial<\/strong> \u00e9 o ato de investigar algo il\u00edcito, proibido e indesejado dentro de uma empresa ou ind\u00fastria, essa investiga\u00e7\u00e3o pode ser executada em cima de funcion\u00e1rios, gerentes, s\u00f3cios, concorrentes e etc. A fim de identificar a rotina e poss\u00edveis atos comprometedores de trai\u00e7\u00e3o, desvio de mercadorias e informa\u00e7\u00f5es, at\u00e9 mesmo roubo de dinheiro.<\/p><p>\u00a0<\/p><p>Por mais que se confie nos colaboradores, funcion\u00e1rios, s\u00f3cios que trabalham em sua empresa, eles podem ser seus inimigos e nem imagina, n\u00e3o se deve confiar de olhos fechados de maneira nenhuma, infelizmente podem sim agir de m\u00e1 f\u00e9, seja para prejudicar algu\u00e9m em especifico ou benef\u00edcio pr\u00f3prio.<\/p><p>\u00a0<\/p><p>Muitas empresas enfrentam diversos problemas, e muitas vezes o problema esta implantado dentro dela mesma, bem escondido\u00a0 e oferecendo s\u00e9rios riscos para toda a estrutura empresarial. Diferente do que a maioria das pessoas pode pensar, nem sempre os causadores desses vazamentos e intercepta\u00e7\u00f5es s\u00e3o pessoas de fora, mas sim as de dentro, que possuem mais facilidades como por exemplo:<\/p><p>\u00a0<\/p><ul><li>Acesso a sistemas privilegiadas,<\/li><li>Desvio de informa\u00e7\u00f5es e dados,<\/li><li>Quebra de sigilo,<\/li><li>Roubo de informa\u00e7\u00f5es importantes como e-mail,<\/li><li>Mensagens,<\/li><li>Dados privados e arquivos,<\/li><li>Roubo de dinheiro,<\/li><li>Furto de equipamentos.<br \/><br \/><h2>Investiga\u00e7\u00e3o Trabalhista<\/h2><br \/><p>A investiga\u00e7\u00e3o trabalhista consiste em investigar a vida trabalhista, pessoal, financeira, empresarial do empregador e at\u00e9 mesmo muitas vezes do pr\u00f3prio empregado. Infelizmente no Brasil existem muitas fraudes de ambas as partes, patr\u00f5es que n\u00e3o pagam e omitem os direitos trabalhistas de seus funcion\u00e1rios. Da mesma forma existem\u00a0 empregados que n\u00e3o honram seu empregador e\u00a0 trabalho e assim prejudicam a empresa muitas vezes at\u00e9 mesmo de forma irrevers\u00edvel. Ambas as partes podem se resguardar de muitas situa\u00e7\u00f5es ruins e\u00a0 complicadas com uma investiga\u00e7\u00e3o trabalhista pr\u00e9via.<br \/><br \/><\/p>Trabalhamos com os mais diversos tipos de levantamentos cadastrais, pessoais e f\u00edsicos, podendo assim levantar\u00a0 todo e qualquer\u00a0 tipo de informa\u00e7\u00e3o oculta,\u00a0 sigilosa empresarial ou referente ao pr\u00f3prio funcion\u00e1rio.\u00a0<br \/><br \/><p>Atuamos na \u00e1rea de acompanhamento de rotina para levantar a rotina e atos comprometedores de um empregado por exemplo, muitos s\u00e3o os que falam que n\u00e3o tem condi\u00e7\u00e3o de ir ao trabalho por problemas de sa\u00fade e etc, por\u00e9m esta tudo bem com sua rotina, continua fazendo atividades di\u00e1rias e \u00e9 ai que entramos para documentar e constatar tudo isso, levando as devidas provas de fraude ao seu empregador.<br \/><br \/><\/p><p>Referente a um empregador, quem nunca teve um patr\u00e3o que decreta fal\u00eancia em sua empresa e assim deixa de pagar os diretos de seus empregados? Por\u00e9m continua com sua vida normal, escondendo seu dinheiro e bens adquiridos ao longo dos anos\u00a0 com ajuda e suor de seus funcion\u00e1rios, depois abre outra empresa e a vida segue normalmente! \u00c9 nessas horas que podemos atual e levantar as provas necess\u00e1rias para constatar o que realmente esta acontecendo com a vida pessoal e financeira deste empregador e assim ajudar a este funcion\u00e1rio a se resguardar de seus direitos garantidos por lei inclusive.<br \/><br \/><\/p><p>Atuamos em todas as \u00e1reas com os mais modernos equipamentos de investiga\u00e7\u00e3o e agentes totalmente qualificados para elucidar todo e qualquer tipo de caso de investiga\u00e7\u00e3o trabalhista.<\/p><\/li><\/ul>\t\t\t\t\t\t\t\t<\/div>\n\t\t\t\t<\/div>\n\t\t\t\t\t<\/div>\n\t\t<\/div>\n\t\t\t\t\t<\/div>\n\t\t<\/section>\n\t\t\t\t<section class=\"elementor-section elementor-top-section elementor-element elementor-element-71407f3e elementor-section-boxed elementor-section-height-default elementor-section-height-default\" data-id=\"71407f3e\" data-element_type=\"section\" data-settings=\"{&quot;background_background&quot;:&quot;classic&quot;}\">\n\t\t\t\t\t\t<div class=\"elementor-container elementor-column-gap-default\">\n\t\t\t\t\t<div class=\"elementor-column elementor-col-100 elementor-top-column elementor-element elementor-element-58c4d74f\" data-id=\"58c4d74f\" data-element_type=\"column\">\n\t\t\t<div class=\"elementor-widget-wrap elementor-element-populated\">\n\t\t\t\t\t\t<section class=\"elementor-section elementor-inner-section elementor-element elementor-element-136450c6 elementor-section-boxed elementor-section-height-default elementor-section-height-default\" data-id=\"136450c6\" data-element_type=\"section\">\n\t\t\t\t\t\t<div class=\"elementor-container elementor-column-gap-default\">\n\t\t\t\t\t<div class=\"elementor-column elementor-col-50 elementor-inner-column elementor-element elementor-element-951ed49\" data-id=\"951ed49\" data-element_type=\"column\">\n\t\t\t<div class=\"elementor-widget-wrap elementor-element-populated\">\n\t\t\t\t\t\t<div class=\"elementor-element elementor-element-619aab1e elementor-widget elementor-widget-heading\" data-id=\"619aab1e\" data-element_type=\"widget\" data-widget_type=\"heading.default\">\n\t\t\t\t<div class=\"elementor-widget-container\">\n\t\t\t\t\t<h2 class=\"elementor-heading-title elementor-size-large\">Preserve sua empresa de fraudes, roubos e quebra de sigilo, temos os melhores Detetives atuando em todos Estados do Brasil.<\/h2>\t\t\t\t<\/div>\n\t\t\t\t<\/div>\n\t\t\t\t\t<\/div>\n\t\t<\/div>\n\t\t\t\t<div class=\"elementor-column elementor-col-50 elementor-inner-column elementor-element elementor-element-4cfedf46\" data-id=\"4cfedf46\" data-element_type=\"column\">\n\t\t\t<div class=\"elementor-widget-wrap elementor-element-populated\">\n\t\t\t\t\t\t<div class=\"elementor-element elementor-element-5e857a9a elementor-align-center elementor-widget elementor-widget-button\" data-id=\"5e857a9a\" data-element_type=\"widget\" data-widget_type=\"button.default\">\n\t\t\t\t<div class=\"elementor-widget-container\">\n\t\t\t\t\t\t\t\t\t<div class=\"elementor-button-wrapper\">\n\t\t\t\t\t<a class=\"elementor-button elementor-button-link elementor-size-md\" href=\"https:\/\/www.espiaosip.com.br\/servicos\/contato\/\" rel=\"nofollow\">\n\t\t\t\t\t\t<span class=\"elementor-button-content-wrapper\">\n\t\t\t\t\t\t\t\t\t<span class=\"elementor-button-text\">CONTATO<\/span>\n\t\t\t\t\t<\/span>\n\t\t\t\t\t<\/a>\n\t\t\t\t<\/div>\n\t\t\t\t\t\t\t\t<\/div>\n\t\t\t\t<\/div>\n\t\t\t\t\t<\/div>\n\t\t<\/div>\n\t\t\t\t\t<\/div>\n\t\t<\/section>\n\t\t\t\t\t<\/div>\n\t\t<\/div>\n\t\t\t\t\t<\/div>\n\t\t<\/section>\n\t\t\t\t<\/div>\n\t\t","protected":false},"excerpt":{"rendered":"<p>Est\u00e1 precisando de uma Investiga\u00e7\u00e3o Empresarial para o seu neg\u00f3cio? A Ag\u00eancia Espi\u00e3o SIP tem os melhores Detetives para te ajudar na sua Investiga\u00e7\u00e3o Empresarial, tudo com muito sigilo e rapidez. A Investiga\u00e7\u00e3o Empresarial \u00e9 o ato de investigar algo il\u00edcito, proibido e indesejado dentro de uma empresa ou ind\u00fastria, essa investiga\u00e7\u00e3o pode ser executada &#8230; <a title=\"Investiga\u00e7\u00e3o Empresarial\" class=\"read-more\" href=\"https:\/\/www.espiaosip.com.br\/servicos\/investigacao-empresarial\/\" aria-label=\"More on Investiga\u00e7\u00e3o Empresarial\">Ler mais<\/a><\/p>\n","protected":false},"author":1,"featured_media":0,"parent":0,"menu_order":0,"comment_status":"closed","ping_status":"closed","template":"elementor_header_footer","meta":{"footnotes":""},"class_list":["post-102","page","type-page","status-publish"],"yoast_head":"<!-- This site is optimized with the Yoast SEO plugin v26.9 - https:\/\/yoast.com\/product\/yoast-seo-wordpress\/ -->\n<title>Investiga\u00e7\u00e3o Empresarial para todos Estados - Espiao SIP<\/title>\n<meta name=\"description\" content=\"Precisando de uma Investiga\u00e7\u00e3o Empresarial\/Trabalhista? A SIP possui os melhores Detetives para lhe atender, entre em contato por aqui!\" \/>\n<meta name=\"robots\" content=\"index, follow, max-snippet:-1, max-image-preview:large, max-video-preview:-1\" \/>\n<link rel=\"canonical\" href=\"https:\/\/www.espiaosip.com.br\/servicos\/investigacao-empresarial\/\" \/>\n<meta property=\"og:locale\" content=\"pt_BR\" \/>\n<meta property=\"og:type\" content=\"article\" \/>\n<meta property=\"og:title\" content=\"Investiga\u00e7\u00e3o Empresarial para todos Estados - Espiao SIP\" \/>\n<meta property=\"og:description\" content=\"Precisando de uma Investiga\u00e7\u00e3o Empresarial\/Trabalhista? A SIP possui os melhores Detetives para lhe atender, entre em contato por aqui!\" \/>\n<meta property=\"og:url\" content=\"https:\/\/www.espiaosip.com.br\/servicos\/investigacao-empresarial\/\" \/>\n<meta property=\"og:site_name\" content=\"Espiao SIP\" \/>\n<meta property=\"article:modified_time\" content=\"2021-03-29T11:33:49+00:00\" \/>\n<meta property=\"og:image\" content=\"https:\/\/www.espiaosip.com.br\/servicos\/wp-content\/uploads\/2021\/03\/Investigacao-Empresarial-1.jpg\" \/>\n\t<meta property=\"og:image:width\" content=\"750\" \/>\n\t<meta property=\"og:image:height\" content=\"375\" \/>\n\t<meta property=\"og:image:type\" content=\"image\/jpeg\" \/>\n<meta name=\"twitter:card\" content=\"summary_large_image\" \/>\n<meta name=\"twitter:label1\" content=\"Est. tempo de leitura\" \/>\n\t<meta name=\"twitter:data1\" content=\"3 minutos\" \/>\n<script type=\"application\/ld+json\" class=\"yoast-schema-graph\">{\"@context\":\"https:\/\/schema.org\",\"@graph\":[{\"@type\":\"WebPage\",\"@id\":\"https:\/\/www.espiaosip.com.br\/servicos\/investigacao-empresarial\/\",\"url\":\"https:\/\/www.espiaosip.com.br\/servicos\/investigacao-empresarial\/\",\"name\":\"Investiga\u00e7\u00e3o Empresarial para todos Estados - Espiao SIP\",\"isPartOf\":{\"@id\":\"https:\/\/www.espiaosip.com.br\/servicos\/#website\"},\"primaryImageOfPage\":{\"@id\":\"https:\/\/www.espiaosip.com.br\/servicos\/investigacao-empresarial\/#primaryimage\"},\"image\":{\"@id\":\"https:\/\/www.espiaosip.com.br\/servicos\/investigacao-empresarial\/#primaryimage\"},\"thumbnailUrl\":\"https:\/\/www.espiaosip.com.br\/servicos\/wp-content\/uploads\/2021\/03\/Investigacao-Empresarial-Detetive-300x188.jpg\",\"datePublished\":\"2021-03-24T19:53:18+00:00\",\"dateModified\":\"2021-03-29T11:33:49+00:00\",\"description\":\"Precisando de uma Investiga\u00e7\u00e3o Empresarial\/Trabalhista? A SIP possui os melhores Detetives para lhe atender, entre em contato por aqui!\",\"breadcrumb\":{\"@id\":\"https:\/\/www.espiaosip.com.br\/servicos\/investigacao-empresarial\/#breadcrumb\"},\"inLanguage\":\"pt-BR\",\"potentialAction\":[{\"@type\":\"ReadAction\",\"target\":[\"https:\/\/www.espiaosip.com.br\/servicos\/investigacao-empresarial\/\"]}]},{\"@type\":\"ImageObject\",\"inLanguage\":\"pt-BR\",\"@id\":\"https:\/\/www.espiaosip.com.br\/servicos\/investigacao-empresarial\/#primaryimage\",\"url\":\"https:\/\/www.espiaosip.com.br\/servicos\/wp-content\/uploads\/2021\/03\/Investigacao-Empresarial-Detetive.jpg\",\"contentUrl\":\"https:\/\/www.espiaosip.com.br\/servicos\/wp-content\/uploads\/2021\/03\/Investigacao-Empresarial-Detetive.jpg\",\"width\":1080,\"height\":675,\"caption\":\"Investiga\u00e7\u00e3o Empresarial Detetive\"},{\"@type\":\"BreadcrumbList\",\"@id\":\"https:\/\/www.espiaosip.com.br\/servicos\/investigacao-empresarial\/#breadcrumb\",\"itemListElement\":[{\"@type\":\"ListItem\",\"position\":1,\"name\":\"In\u00edcio\",\"item\":\"https:\/\/www.espiaosip.com.br\/servicos\/\"},{\"@type\":\"ListItem\",\"position\":2,\"name\":\"Investiga\u00e7\u00e3o Empresarial\"}]},{\"@type\":\"WebSite\",\"@id\":\"https:\/\/www.espiaosip.com.br\/servicos\/#website\",\"url\":\"https:\/\/www.espiaosip.com.br\/servicos\/\",\"name\":\"Espiao SIP\",\"description\":\"Precisando de um Detetive Particular de Confian\u00e7a? Trabalhamos com sigilo 24 horas por dia. Entrem em contato para mais informa\u00e7\u00f5es.\",\"publisher\":{\"@id\":\"https:\/\/www.espiaosip.com.br\/servicos\/#organization\"},\"potentialAction\":[{\"@type\":\"SearchAction\",\"target\":{\"@type\":\"EntryPoint\",\"urlTemplate\":\"https:\/\/www.espiaosip.com.br\/servicos\/?s={search_term_string}\"},\"query-input\":{\"@type\":\"PropertyValueSpecification\",\"valueRequired\":true,\"valueName\":\"search_term_string\"}}],\"inLanguage\":\"pt-BR\"},{\"@type\":\"Organization\",\"@id\":\"https:\/\/www.espiaosip.com.br\/servicos\/#organization\",\"name\":\"Espiao SIP\",\"url\":\"https:\/\/www.espiaosip.com.br\/servicos\/\",\"logo\":{\"@type\":\"ImageObject\",\"inLanguage\":\"pt-BR\",\"@id\":\"https:\/\/www.espiaosip.com.br\/servicos\/#\/schema\/logo\/image\/\",\"url\":\"https:\/\/www.espiaosip.com.br\/servicos\/wp-content\/uploads\/2021\/03\/cropped-Detetive-Particular-1.png\",\"contentUrl\":\"https:\/\/www.espiaosip.com.br\/servicos\/wp-content\/uploads\/2021\/03\/cropped-Detetive-Particular-1.png\",\"width\":385,\"height\":112,\"caption\":\"Espiao SIP\"},\"image\":{\"@id\":\"https:\/\/www.espiaosip.com.br\/servicos\/#\/schema\/logo\/image\/\"}}]}<\/script>\n<!-- \/ Yoast SEO plugin. -->","yoast_head_json":{"title":"Investiga\u00e7\u00e3o Empresarial para todos Estados - Espiao SIP","description":"Precisando de uma Investiga\u00e7\u00e3o Empresarial\/Trabalhista? A SIP possui os melhores Detetives para lhe atender, entre em contato por aqui!","robots":{"index":"index","follow":"follow","max-snippet":"max-snippet:-1","max-image-preview":"max-image-preview:large","max-video-preview":"max-video-preview:-1"},"canonical":"https:\/\/www.espiaosip.com.br\/servicos\/investigacao-empresarial\/","og_locale":"pt_BR","og_type":"article","og_title":"Investiga\u00e7\u00e3o Empresarial para todos Estados - Espiao SIP","og_description":"Precisando de uma Investiga\u00e7\u00e3o Empresarial\/Trabalhista? A SIP possui os melhores Detetives para lhe atender, entre em contato por aqui!","og_url":"https:\/\/www.espiaosip.com.br\/servicos\/investigacao-empresarial\/","og_site_name":"Espiao SIP","article_modified_time":"2021-03-29T11:33:49+00:00","og_image":[{"width":750,"height":375,"url":"https:\/\/www.espiaosip.com.br\/servicos\/wp-content\/uploads\/2021\/03\/Investigacao-Empresarial-1.jpg","type":"image\/jpeg"}],"twitter_card":"summary_large_image","twitter_misc":{"Est. tempo de leitura":"3 minutos"},"schema":{"@context":"https:\/\/schema.org","@graph":[{"@type":"WebPage","@id":"https:\/\/www.espiaosip.com.br\/servicos\/investigacao-empresarial\/","url":"https:\/\/www.espiaosip.com.br\/servicos\/investigacao-empresarial\/","name":"Investiga\u00e7\u00e3o Empresarial para todos Estados - Espiao SIP","isPartOf":{"@id":"https:\/\/www.espiaosip.com.br\/servicos\/#website"},"primaryImageOfPage":{"@id":"https:\/\/www.espiaosip.com.br\/servicos\/investigacao-empresarial\/#primaryimage"},"image":{"@id":"https:\/\/www.espiaosip.com.br\/servicos\/investigacao-empresarial\/#primaryimage"},"thumbnailUrl":"https:\/\/www.espiaosip.com.br\/servicos\/wp-content\/uploads\/2021\/03\/Investigacao-Empresarial-Detetive-300x188.jpg","datePublished":"2021-03-24T19:53:18+00:00","dateModified":"2021-03-29T11:33:49+00:00","description":"Precisando de uma Investiga\u00e7\u00e3o Empresarial\/Trabalhista? A SIP possui os melhores Detetives para lhe atender, entre em contato por aqui!","breadcrumb":{"@id":"https:\/\/www.espiaosip.com.br\/servicos\/investigacao-empresarial\/#breadcrumb"},"inLanguage":"pt-BR","potentialAction":[{"@type":"ReadAction","target":["https:\/\/www.espiaosip.com.br\/servicos\/investigacao-empresarial\/"]}]},{"@type":"ImageObject","inLanguage":"pt-BR","@id":"https:\/\/www.espiaosip.com.br\/servicos\/investigacao-empresarial\/#primaryimage","url":"https:\/\/www.espiaosip.com.br\/servicos\/wp-content\/uploads\/2021\/03\/Investigacao-Empresarial-Detetive.jpg","contentUrl":"https:\/\/www.espiaosip.com.br\/servicos\/wp-content\/uploads\/2021\/03\/Investigacao-Empresarial-Detetive.jpg","width":1080,"height":675,"caption":"Investiga\u00e7\u00e3o Empresarial Detetive"},{"@type":"BreadcrumbList","@id":"https:\/\/www.espiaosip.com.br\/servicos\/investigacao-empresarial\/#breadcrumb","itemListElement":[{"@type":"ListItem","position":1,"name":"In\u00edcio","item":"https:\/\/www.espiaosip.com.br\/servicos\/"},{"@type":"ListItem","position":2,"name":"Investiga\u00e7\u00e3o Empresarial"}]},{"@type":"WebSite","@id":"https:\/\/www.espiaosip.com.br\/servicos\/#website","url":"https:\/\/www.espiaosip.com.br\/servicos\/","name":"Espiao SIP","description":"Precisando de um Detetive Particular de Confian\u00e7a? Trabalhamos com sigilo 24 horas por dia. Entrem em contato para mais informa\u00e7\u00f5es.","publisher":{"@id":"https:\/\/www.espiaosip.com.br\/servicos\/#organization"},"potentialAction":[{"@type":"SearchAction","target":{"@type":"EntryPoint","urlTemplate":"https:\/\/www.espiaosip.com.br\/servicos\/?s={search_term_string}"},"query-input":{"@type":"PropertyValueSpecification","valueRequired":true,"valueName":"search_term_string"}}],"inLanguage":"pt-BR"},{"@type":"Organization","@id":"https:\/\/www.espiaosip.com.br\/servicos\/#organization","name":"Espiao SIP","url":"https:\/\/www.espiaosip.com.br\/servicos\/","logo":{"@type":"ImageObject","inLanguage":"pt-BR","@id":"https:\/\/www.espiaosip.com.br\/servicos\/#\/schema\/logo\/image\/","url":"https:\/\/www.espiaosip.com.br\/servicos\/wp-content\/uploads\/2021\/03\/cropped-Detetive-Particular-1.png","contentUrl":"https:\/\/www.espiaosip.com.br\/servicos\/wp-content\/uploads\/2021\/03\/cropped-Detetive-Particular-1.png","width":385,"height":112,"caption":"Espiao SIP"},"image":{"@id":"https:\/\/www.espiaosip.com.br\/servicos\/#\/schema\/logo\/image\/"}}]}},"_links":{"self":[{"href":"https:\/\/www.espiaosip.com.br\/servicos\/wp-json\/wp\/v2\/pages\/102","targetHints":{"allow":["GET"]}}],"collection":[{"href":"https:\/\/www.espiaosip.com.br\/servicos\/wp-json\/wp\/v2\/pages"}],"about":[{"href":"https:\/\/www.espiaosip.com.br\/servicos\/wp-json\/wp\/v2\/types\/page"}],"author":[{"embeddable":true,"href":"https:\/\/www.espiaosip.com.br\/servicos\/wp-json\/wp\/v2\/users\/1"}],"replies":[{"embeddable":true,"href":"https:\/\/www.espiaosip.com.br\/servicos\/wp-json\/wp\/v2\/comments?post=102"}],"version-history":[{"count":22,"href":"https:\/\/www.espiaosip.com.br\/servicos\/wp-json\/wp\/v2\/pages\/102\/revisions"}],"predecessor-version":[{"id":342,"href":"https:\/\/www.espiaosip.com.br\/servicos\/wp-json\/wp\/v2\/pages\/102\/revisions\/342"}],"wp:attachment":[{"href":"https:\/\/www.espiaosip.com.br\/servicos\/wp-json\/wp\/v2\/media?parent=102"}],"curies":[{"name":"wp","href":"https:\/\/api.w.org\/{rel}","templated":true}]}}