{"id":104,"date":"2021-03-24T16:53:50","date_gmt":"2021-03-24T19:53:50","guid":{"rendered":"https:\/\/www.espiaosip.com.br\/servicos\/?page_id=104"},"modified":"2021-03-29T08:35:47","modified_gmt":"2021-03-29T11:35:47","slug":"investigacao-virtual","status":"publish","type":"page","link":"https:\/\/www.espiaosip.com.br\/servicos\/investigacao-virtual\/","title":{"rendered":"Investiga\u00e7\u00e3o Virtual"},"content":{"rendered":"\t\t<div data-elementor-type=\"wp-page\" data-elementor-id=\"104\" class=\"elementor elementor-104\" data-elementor-post-type=\"page\">\n\t\t\t\t\t\t<section class=\"elementor-section elementor-top-section elementor-element elementor-element-52afb86e elementor-section-boxed elementor-section-height-default elementor-section-height-default\" data-id=\"52afb86e\" data-element_type=\"section\" data-settings=\"{&quot;background_background&quot;:&quot;classic&quot;,&quot;background_motion_fx_motion_fx_scrolling&quot;:&quot;yes&quot;,&quot;animation&quot;:&quot;none&quot;,&quot;background_motion_fx_devices&quot;:[&quot;desktop&quot;,&quot;tablet&quot;,&quot;mobile&quot;]}\">\n\t\t\t\t\t\t<div class=\"elementor-container elementor-column-gap-default\">\n\t\t\t\t\t<div class=\"elementor-column elementor-col-100 elementor-top-column elementor-element elementor-element-32c3c488\" data-id=\"32c3c488\" data-element_type=\"column\" data-settings=\"{&quot;background_background&quot;:&quot;classic&quot;}\">\n\t\t\t<div class=\"elementor-widget-wrap elementor-element-populated\">\n\t\t\t\t\t\t<div class=\"elementor-element elementor-element-8f1ed1 elementor-widget elementor-widget-heading\" data-id=\"8f1ed1\" data-element_type=\"widget\" data-widget_type=\"heading.default\">\n\t\t\t\t<div class=\"elementor-widget-container\">\n\t\t\t\t\t<h1 class=\"elementor-heading-title elementor-size-large\">Precisa de uma Investiga\u00e7\u00e3o Virtual?<\/h1>\t\t\t\t<\/div>\n\t\t\t\t<\/div>\n\t\t\t\t<div class=\"elementor-element elementor-element-14e3373c elementor-widget elementor-widget-text-editor\" data-id=\"14e3373c\" data-element_type=\"widget\" data-widget_type=\"text-editor.default\">\n\t\t\t\t<div class=\"elementor-widget-container\">\n\t\t\t\t\t\t\t\t\t<p>A Ag\u00eancia Espi\u00e3o SIP tem os melhores Detetives para te ajudar na sua Investiga\u00e7\u00e3o Virtual, tudo com muito sigilo e rapidez.<\/p>\t\t\t\t\t\t\t\t<\/div>\n\t\t\t\t<\/div>\n\t\t\t\t\t<\/div>\n\t\t<\/div>\n\t\t\t\t\t<\/div>\n\t\t<\/section>\n\t\t\t\t<section class=\"elementor-section elementor-top-section elementor-element elementor-element-2789d4a3 elementor-section-boxed elementor-section-height-default elementor-section-height-default\" data-id=\"2789d4a3\" data-element_type=\"section\">\n\t\t\t\t\t\t<div class=\"elementor-container elementor-column-gap-default\">\n\t\t\t\t\t<div class=\"elementor-column elementor-col-100 elementor-top-column elementor-element elementor-element-21c5fe4b\" data-id=\"21c5fe4b\" data-element_type=\"column\">\n\t\t\t<div class=\"elementor-widget-wrap elementor-element-populated\">\n\t\t\t\t\t\t<div class=\"elementor-element elementor-element-53246da2 elementor-widget elementor-widget-heading\" data-id=\"53246da2\" data-element_type=\"widget\" data-widget_type=\"heading.default\">\n\t\t\t\t<div class=\"elementor-widget-container\">\n\t\t\t\t\t<h2 class=\"elementor-heading-title elementor-size-default\">Investiga\u00e7\u00e3o Virtual<\/h2>\t\t\t\t<\/div>\n\t\t\t\t<\/div>\n\t\t\t\t<div class=\"elementor-element elementor-element-6125a595 elementor-widget elementor-widget-text-editor\" data-id=\"6125a595\" data-element_type=\"widget\" data-widget_type=\"text-editor.default\">\n\t\t\t\t<div class=\"elementor-widget-container\">\n\t\t\t\t\t\t\t\t\t<p><img fetchpriority=\"high\" decoding=\"async\" class=\"alignleft wp-image-203\" src=\"https:\/\/www.espiaosip.com.br\/servicos\/wp-content\/uploads\/2021\/03\/Investigacao-Virtual-Detetive-300x200.jpg\" alt=\"Investiga\u00e7\u00e3o Virtual Detetive\" width=\"400\" height=\"266\" srcset=\"https:\/\/www.espiaosip.com.br\/servicos\/wp-content\/uploads\/2021\/03\/Investigacao-Virtual-Detetive-300x200.jpg 300w, https:\/\/www.espiaosip.com.br\/servicos\/wp-content\/uploads\/2021\/03\/Investigacao-Virtual-Detetive.jpg 640w\" sizes=\"(max-width: 400px) 100vw, 400px\" \/><\/p><p>Nos dias de hoje a investiga\u00e7\u00e3o virtual esta cada vez mais procurada em nossa ag\u00eancia, com o aumento dr\u00e1stico do uso de aparelhos celulares, tablets, computadores, as pessoas hoje em dia se correspondem a dist\u00e2ncia virtualmente com familiares e amigos, relacionamentos, pagam contas, acessam bancos, fazem pesquisas e estudos via internet, passando assim o dia todo com um celular na m\u00e3o, por divers\u00e3o, trabalho, muitas vezes at\u00e9 mesmo por necessidade. Isso pode ser alguns dos pontos positivos desta mobilidade e agilidade de certos servi\u00e7os, mas tamb\u00e9m temos o lado negativo desses equipamentos.<\/p><p>\u00a0<\/p><p>Pesquisam feitas recentemente nos levam a saber que 90% das pessoas iniciam uma trai\u00e7\u00e3o de forma virtual, o uso da internet tr\u00e1s uma falsa seguran\u00e7a e as pessoas se sentem livres para trair e fazer coisas erradas, proibidas por redes sociais. Mais e mais pessoas utilizam de meios da internet para trair, denegrir algu\u00e9m, dar golpes, desvirtuar pessoas, chantagens e etc. \u00c9 nessas horas que o problema aparece e muitas pessoas n\u00e3o sabem como resolver, deixam esses ocorridos passar por desapercebido por n\u00e3o saber como agir nessa situa\u00e7\u00e3o. A Ag\u00eancia SIP \u00e9 especializada para solucionar qualquer tipo de\u00a0<strong>Investiga\u00e7\u00e3o Virtual<\/strong>\u00a0em todo o Brasil.<\/p>\t\t\t\t\t\t\t\t<\/div>\n\t\t\t\t<\/div>\n\t\t\t\t\t<\/div>\n\t\t<\/div>\n\t\t\t\t\t<\/div>\n\t\t<\/section>\n\t\t\t\t<section class=\"elementor-section elementor-top-section elementor-element elementor-element-186a1dcf elementor-section-boxed elementor-section-height-default elementor-section-height-default\" data-id=\"186a1dcf\" data-element_type=\"section\" data-settings=\"{&quot;background_background&quot;:&quot;classic&quot;}\">\n\t\t\t\t\t\t<div class=\"elementor-container elementor-column-gap-default\">\n\t\t\t\t\t<div class=\"elementor-column elementor-col-100 elementor-top-column elementor-element elementor-element-500feaf2\" data-id=\"500feaf2\" data-element_type=\"column\">\n\t\t\t<div class=\"elementor-widget-wrap elementor-element-populated\">\n\t\t\t\t\t\t<section class=\"elementor-section elementor-inner-section elementor-element elementor-element-3ab23e47 elementor-section-boxed elementor-section-height-default elementor-section-height-default\" data-id=\"3ab23e47\" data-element_type=\"section\">\n\t\t\t\t\t\t<div class=\"elementor-container elementor-column-gap-default\">\n\t\t\t\t\t<div class=\"elementor-column elementor-col-50 elementor-inner-column elementor-element elementor-element-5f0fabf7\" data-id=\"5f0fabf7\" data-element_type=\"column\">\n\t\t\t<div class=\"elementor-widget-wrap elementor-element-populated\">\n\t\t\t\t\t\t<div class=\"elementor-element elementor-element-38328c3d elementor-widget elementor-widget-heading\" data-id=\"38328c3d\" data-element_type=\"widget\" data-widget_type=\"heading.default\">\n\t\t\t\t<div class=\"elementor-widget-container\">\n\t\t\t\t\t<h2 class=\"elementor-heading-title elementor-size-large\">Existem v\u00e1rios tipos de Investiga\u00e7\u00f5es Virtuais, tire suas d\u00favidas com nossos Detetives que ser\u00e1 um prazer te ajudar.<\/h2>\t\t\t\t<\/div>\n\t\t\t\t<\/div>\n\t\t\t\t\t<\/div>\n\t\t<\/div>\n\t\t\t\t<div class=\"elementor-column elementor-col-50 elementor-inner-column elementor-element elementor-element-192a8a4f\" data-id=\"192a8a4f\" data-element_type=\"column\">\n\t\t\t<div class=\"elementor-widget-wrap elementor-element-populated\">\n\t\t\t\t\t\t<div class=\"elementor-element elementor-element-37fea0b elementor-align-center elementor-widget elementor-widget-button\" data-id=\"37fea0b\" data-element_type=\"widget\" data-widget_type=\"button.default\">\n\t\t\t\t<div class=\"elementor-widget-container\">\n\t\t\t\t\t\t\t\t\t<div class=\"elementor-button-wrapper\">\n\t\t\t\t\t<a class=\"elementor-button elementor-button-link elementor-size-md\" href=\"https:\/\/www.espiaosip.com.br\/servicos\/contato\/\" rel=\"nofollow\">\n\t\t\t\t\t\t<span class=\"elementor-button-content-wrapper\">\n\t\t\t\t\t\t\t\t\t<span class=\"elementor-button-text\">CONTATO<\/span>\n\t\t\t\t\t<\/span>\n\t\t\t\t\t<\/a>\n\t\t\t\t<\/div>\n\t\t\t\t\t\t\t\t<\/div>\n\t\t\t\t<\/div>\n\t\t\t\t\t<\/div>\n\t\t<\/div>\n\t\t\t\t\t<\/div>\n\t\t<\/section>\n\t\t\t\t\t<\/div>\n\t\t<\/div>\n\t\t\t\t\t<\/div>\n\t\t<\/section>\n\t\t\t\t<\/div>\n\t\t","protected":false},"excerpt":{"rendered":"<p>Precisa de uma Investiga\u00e7\u00e3o Virtual? A Ag\u00eancia Espi\u00e3o SIP tem os melhores Detetives para te ajudar na sua Investiga\u00e7\u00e3o Virtual, tudo com muito sigilo e rapidez. Nos dias de hoje a investiga\u00e7\u00e3o virtual esta cada vez mais procurada em nossa ag\u00eancia, com o aumento dr\u00e1stico do uso de aparelhos celulares, tablets, computadores, as pessoas hoje &#8230; <a title=\"Investiga\u00e7\u00e3o Virtual\" class=\"read-more\" href=\"https:\/\/www.espiaosip.com.br\/servicos\/investigacao-virtual\/\" aria-label=\"More on Investiga\u00e7\u00e3o Virtual\">Ler mais<\/a><\/p>\n","protected":false},"author":1,"featured_media":0,"parent":0,"menu_order":0,"comment_status":"closed","ping_status":"closed","template":"elementor_header_footer","meta":{"footnotes":""},"class_list":["post-104","page","type-page","status-publish"],"yoast_head":"<!-- This site is optimized with the Yoast SEO plugin v26.9 - https:\/\/yoast.com\/product\/yoast-seo-wordpress\/ -->\n<title>Investiga\u00e7\u00e3o Virtual em todo Brasil 24 Horas por Dia - Espiao SIP<\/title>\n<meta name=\"description\" content=\"Precisa de uma Investiga\u00e7\u00e3o Virtual? A SIP possui os melhores detetives em todos Estados do brasil, entre em contato conosco.\" \/>\n<meta name=\"robots\" content=\"index, follow, max-snippet:-1, max-image-preview:large, max-video-preview:-1\" \/>\n<link rel=\"canonical\" href=\"https:\/\/www.espiaosip.com.br\/servicos\/investigacao-virtual\/\" \/>\n<meta property=\"og:locale\" content=\"pt_BR\" \/>\n<meta property=\"og:type\" content=\"article\" \/>\n<meta property=\"og:title\" content=\"Investiga\u00e7\u00e3o Virtual em Todo Brasil 24 horas por Dia - Espiao SIP\" \/>\n<meta property=\"og:description\" content=\"Precisa de uma Investiga\u00e7\u00e3o Virtual? A SIP possui os melhores detetives em todos Estados do brasil, entre em contato conosco.\" \/>\n<meta property=\"og:url\" content=\"https:\/\/www.espiaosip.com.br\/servicos\/investigacao-virtual\/\" \/>\n<meta property=\"og:site_name\" content=\"Espiao SIP\" \/>\n<meta property=\"article:modified_time\" content=\"2021-03-29T11:35:47+00:00\" \/>\n<meta property=\"og:image\" content=\"https:\/\/www.espiaosip.com.br\/servicos\/wp-content\/uploads\/2021\/03\/Investigacao-Virtual-1.jpg\" \/>\n\t<meta property=\"og:image:width\" content=\"1200\" \/>\n\t<meta property=\"og:image:height\" content=\"800\" \/>\n\t<meta property=\"og:image:type\" content=\"image\/jpeg\" \/>\n<meta name=\"twitter:card\" content=\"summary_large_image\" \/>\n<meta name=\"twitter:label1\" content=\"Est. tempo de leitura\" \/>\n\t<meta name=\"twitter:data1\" content=\"2 minutos\" \/>\n<script type=\"application\/ld+json\" class=\"yoast-schema-graph\">{\"@context\":\"https:\/\/schema.org\",\"@graph\":[{\"@type\":\"WebPage\",\"@id\":\"https:\/\/www.espiaosip.com.br\/servicos\/investigacao-virtual\/\",\"url\":\"https:\/\/www.espiaosip.com.br\/servicos\/investigacao-virtual\/\",\"name\":\"Investiga\u00e7\u00e3o Virtual em todo Brasil 24 Horas por Dia - Espiao SIP\",\"isPartOf\":{\"@id\":\"https:\/\/www.espiaosip.com.br\/servicos\/#website\"},\"primaryImageOfPage\":{\"@id\":\"https:\/\/www.espiaosip.com.br\/servicos\/investigacao-virtual\/#primaryimage\"},\"image\":{\"@id\":\"https:\/\/www.espiaosip.com.br\/servicos\/investigacao-virtual\/#primaryimage\"},\"thumbnailUrl\":\"https:\/\/www.espiaosip.com.br\/servicos\/wp-content\/uploads\/2021\/03\/Investigacao-Virtual-Detetive-300x200.jpg\",\"datePublished\":\"2021-03-24T19:53:50+00:00\",\"dateModified\":\"2021-03-29T11:35:47+00:00\",\"description\":\"Precisa de uma Investiga\u00e7\u00e3o Virtual? A SIP possui os melhores detetives em todos Estados do brasil, entre em contato conosco.\",\"breadcrumb\":{\"@id\":\"https:\/\/www.espiaosip.com.br\/servicos\/investigacao-virtual\/#breadcrumb\"},\"inLanguage\":\"pt-BR\",\"potentialAction\":[{\"@type\":\"ReadAction\",\"target\":[\"https:\/\/www.espiaosip.com.br\/servicos\/investigacao-virtual\/\"]}]},{\"@type\":\"ImageObject\",\"inLanguage\":\"pt-BR\",\"@id\":\"https:\/\/www.espiaosip.com.br\/servicos\/investigacao-virtual\/#primaryimage\",\"url\":\"https:\/\/www.espiaosip.com.br\/servicos\/wp-content\/uploads\/2021\/03\/Investigacao-Virtual-Detetive.jpg\",\"contentUrl\":\"https:\/\/www.espiaosip.com.br\/servicos\/wp-content\/uploads\/2021\/03\/Investigacao-Virtual-Detetive.jpg\",\"width\":640,\"height\":426,\"caption\":\"Investiga\u00e7\u00e3o Virtual Detetive\"},{\"@type\":\"BreadcrumbList\",\"@id\":\"https:\/\/www.espiaosip.com.br\/servicos\/investigacao-virtual\/#breadcrumb\",\"itemListElement\":[{\"@type\":\"ListItem\",\"position\":1,\"name\":\"In\u00edcio\",\"item\":\"https:\/\/www.espiaosip.com.br\/servicos\/\"},{\"@type\":\"ListItem\",\"position\":2,\"name\":\"Investiga\u00e7\u00e3o Virtual\"}]},{\"@type\":\"WebSite\",\"@id\":\"https:\/\/www.espiaosip.com.br\/servicos\/#website\",\"url\":\"https:\/\/www.espiaosip.com.br\/servicos\/\",\"name\":\"Espiao SIP\",\"description\":\"Precisando de um Detetive Particular de Confian\u00e7a? Trabalhamos com sigilo 24 horas por dia. Entrem em contato para mais informa\u00e7\u00f5es.\",\"publisher\":{\"@id\":\"https:\/\/www.espiaosip.com.br\/servicos\/#organization\"},\"potentialAction\":[{\"@type\":\"SearchAction\",\"target\":{\"@type\":\"EntryPoint\",\"urlTemplate\":\"https:\/\/www.espiaosip.com.br\/servicos\/?s={search_term_string}\"},\"query-input\":{\"@type\":\"PropertyValueSpecification\",\"valueRequired\":true,\"valueName\":\"search_term_string\"}}],\"inLanguage\":\"pt-BR\"},{\"@type\":\"Organization\",\"@id\":\"https:\/\/www.espiaosip.com.br\/servicos\/#organization\",\"name\":\"Espiao SIP\",\"url\":\"https:\/\/www.espiaosip.com.br\/servicos\/\",\"logo\":{\"@type\":\"ImageObject\",\"inLanguage\":\"pt-BR\",\"@id\":\"https:\/\/www.espiaosip.com.br\/servicos\/#\/schema\/logo\/image\/\",\"url\":\"https:\/\/www.espiaosip.com.br\/servicos\/wp-content\/uploads\/2021\/03\/cropped-Detetive-Particular-1.png\",\"contentUrl\":\"https:\/\/www.espiaosip.com.br\/servicos\/wp-content\/uploads\/2021\/03\/cropped-Detetive-Particular-1.png\",\"width\":385,\"height\":112,\"caption\":\"Espiao SIP\"},\"image\":{\"@id\":\"https:\/\/www.espiaosip.com.br\/servicos\/#\/schema\/logo\/image\/\"}}]}<\/script>\n<!-- \/ Yoast SEO plugin. -->","yoast_head_json":{"title":"Investiga\u00e7\u00e3o Virtual em todo Brasil 24 Horas por Dia - Espiao SIP","description":"Precisa de uma Investiga\u00e7\u00e3o Virtual? A SIP possui os melhores detetives em todos Estados do brasil, entre em contato conosco.","robots":{"index":"index","follow":"follow","max-snippet":"max-snippet:-1","max-image-preview":"max-image-preview:large","max-video-preview":"max-video-preview:-1"},"canonical":"https:\/\/www.espiaosip.com.br\/servicos\/investigacao-virtual\/","og_locale":"pt_BR","og_type":"article","og_title":"Investiga\u00e7\u00e3o Virtual em Todo Brasil 24 horas por Dia - Espiao SIP","og_description":"Precisa de uma Investiga\u00e7\u00e3o Virtual? A SIP possui os melhores detetives em todos Estados do brasil, entre em contato conosco.","og_url":"https:\/\/www.espiaosip.com.br\/servicos\/investigacao-virtual\/","og_site_name":"Espiao SIP","article_modified_time":"2021-03-29T11:35:47+00:00","og_image":[{"width":1200,"height":800,"url":"https:\/\/www.espiaosip.com.br\/servicos\/wp-content\/uploads\/2021\/03\/Investigacao-Virtual-1.jpg","type":"image\/jpeg"}],"twitter_card":"summary_large_image","twitter_misc":{"Est. tempo de leitura":"2 minutos"},"schema":{"@context":"https:\/\/schema.org","@graph":[{"@type":"WebPage","@id":"https:\/\/www.espiaosip.com.br\/servicos\/investigacao-virtual\/","url":"https:\/\/www.espiaosip.com.br\/servicos\/investigacao-virtual\/","name":"Investiga\u00e7\u00e3o Virtual em todo Brasil 24 Horas por Dia - Espiao SIP","isPartOf":{"@id":"https:\/\/www.espiaosip.com.br\/servicos\/#website"},"primaryImageOfPage":{"@id":"https:\/\/www.espiaosip.com.br\/servicos\/investigacao-virtual\/#primaryimage"},"image":{"@id":"https:\/\/www.espiaosip.com.br\/servicos\/investigacao-virtual\/#primaryimage"},"thumbnailUrl":"https:\/\/www.espiaosip.com.br\/servicos\/wp-content\/uploads\/2021\/03\/Investigacao-Virtual-Detetive-300x200.jpg","datePublished":"2021-03-24T19:53:50+00:00","dateModified":"2021-03-29T11:35:47+00:00","description":"Precisa de uma Investiga\u00e7\u00e3o Virtual? A SIP possui os melhores detetives em todos Estados do brasil, entre em contato conosco.","breadcrumb":{"@id":"https:\/\/www.espiaosip.com.br\/servicos\/investigacao-virtual\/#breadcrumb"},"inLanguage":"pt-BR","potentialAction":[{"@type":"ReadAction","target":["https:\/\/www.espiaosip.com.br\/servicos\/investigacao-virtual\/"]}]},{"@type":"ImageObject","inLanguage":"pt-BR","@id":"https:\/\/www.espiaosip.com.br\/servicos\/investigacao-virtual\/#primaryimage","url":"https:\/\/www.espiaosip.com.br\/servicos\/wp-content\/uploads\/2021\/03\/Investigacao-Virtual-Detetive.jpg","contentUrl":"https:\/\/www.espiaosip.com.br\/servicos\/wp-content\/uploads\/2021\/03\/Investigacao-Virtual-Detetive.jpg","width":640,"height":426,"caption":"Investiga\u00e7\u00e3o Virtual Detetive"},{"@type":"BreadcrumbList","@id":"https:\/\/www.espiaosip.com.br\/servicos\/investigacao-virtual\/#breadcrumb","itemListElement":[{"@type":"ListItem","position":1,"name":"In\u00edcio","item":"https:\/\/www.espiaosip.com.br\/servicos\/"},{"@type":"ListItem","position":2,"name":"Investiga\u00e7\u00e3o Virtual"}]},{"@type":"WebSite","@id":"https:\/\/www.espiaosip.com.br\/servicos\/#website","url":"https:\/\/www.espiaosip.com.br\/servicos\/","name":"Espiao SIP","description":"Precisando de um Detetive Particular de Confian\u00e7a? Trabalhamos com sigilo 24 horas por dia. Entrem em contato para mais informa\u00e7\u00f5es.","publisher":{"@id":"https:\/\/www.espiaosip.com.br\/servicos\/#organization"},"potentialAction":[{"@type":"SearchAction","target":{"@type":"EntryPoint","urlTemplate":"https:\/\/www.espiaosip.com.br\/servicos\/?s={search_term_string}"},"query-input":{"@type":"PropertyValueSpecification","valueRequired":true,"valueName":"search_term_string"}}],"inLanguage":"pt-BR"},{"@type":"Organization","@id":"https:\/\/www.espiaosip.com.br\/servicos\/#organization","name":"Espiao SIP","url":"https:\/\/www.espiaosip.com.br\/servicos\/","logo":{"@type":"ImageObject","inLanguage":"pt-BR","@id":"https:\/\/www.espiaosip.com.br\/servicos\/#\/schema\/logo\/image\/","url":"https:\/\/www.espiaosip.com.br\/servicos\/wp-content\/uploads\/2021\/03\/cropped-Detetive-Particular-1.png","contentUrl":"https:\/\/www.espiaosip.com.br\/servicos\/wp-content\/uploads\/2021\/03\/cropped-Detetive-Particular-1.png","width":385,"height":112,"caption":"Espiao SIP"},"image":{"@id":"https:\/\/www.espiaosip.com.br\/servicos\/#\/schema\/logo\/image\/"}}]}},"_links":{"self":[{"href":"https:\/\/www.espiaosip.com.br\/servicos\/wp-json\/wp\/v2\/pages\/104","targetHints":{"allow":["GET"]}}],"collection":[{"href":"https:\/\/www.espiaosip.com.br\/servicos\/wp-json\/wp\/v2\/pages"}],"about":[{"href":"https:\/\/www.espiaosip.com.br\/servicos\/wp-json\/wp\/v2\/types\/page"}],"author":[{"embeddable":true,"href":"https:\/\/www.espiaosip.com.br\/servicos\/wp-json\/wp\/v2\/users\/1"}],"replies":[{"embeddable":true,"href":"https:\/\/www.espiaosip.com.br\/servicos\/wp-json\/wp\/v2\/comments?post=104"}],"version-history":[{"count":10,"href":"https:\/\/www.espiaosip.com.br\/servicos\/wp-json\/wp\/v2\/pages\/104\/revisions"}],"predecessor-version":[{"id":348,"href":"https:\/\/www.espiaosip.com.br\/servicos\/wp-json\/wp\/v2\/pages\/104\/revisions\/348"}],"wp:attachment":[{"href":"https:\/\/www.espiaosip.com.br\/servicos\/wp-json\/wp\/v2\/media?parent=104"}],"curies":[{"name":"wp","href":"https:\/\/api.w.org\/{rel}","templated":true}]}}