{"id":106,"date":"2021-03-24T16:54:18","date_gmt":"2021-03-24T19:54:18","guid":{"rendered":"https:\/\/www.espiaosip.com.br\/servicos\/?page_id=106"},"modified":"2021-03-29T08:35:02","modified_gmt":"2021-03-29T11:35:02","slug":"investigacao-politica","status":"publish","type":"page","link":"https:\/\/www.espiaosip.com.br\/servicos\/investigacao-politica\/","title":{"rendered":"Investiga\u00e7\u00e3o Pol\u00edtica"},"content":{"rendered":"\t\t<div data-elementor-type=\"wp-page\" data-elementor-id=\"106\" class=\"elementor elementor-106\" data-elementor-post-type=\"page\">\n\t\t\t\t\t\t<section class=\"elementor-section elementor-top-section elementor-element elementor-element-6b78b53e elementor-section-boxed elementor-section-height-default elementor-section-height-default\" data-id=\"6b78b53e\" data-element_type=\"section\" data-settings=\"{&quot;background_background&quot;:&quot;classic&quot;,&quot;background_motion_fx_motion_fx_scrolling&quot;:&quot;yes&quot;,&quot;animation&quot;:&quot;none&quot;,&quot;background_motion_fx_devices&quot;:[&quot;desktop&quot;,&quot;tablet&quot;,&quot;mobile&quot;]}\">\n\t\t\t\t\t\t<div class=\"elementor-container elementor-column-gap-default\">\n\t\t\t\t\t<div class=\"elementor-column elementor-col-100 elementor-top-column elementor-element elementor-element-34ae63e5\" data-id=\"34ae63e5\" data-element_type=\"column\" data-settings=\"{&quot;background_background&quot;:&quot;classic&quot;}\">\n\t\t\t<div class=\"elementor-widget-wrap elementor-element-populated\">\n\t\t\t\t\t\t<div class=\"elementor-element elementor-element-2fe1c0d elementor-widget elementor-widget-heading\" data-id=\"2fe1c0d\" data-element_type=\"widget\" data-widget_type=\"heading.default\">\n\t\t\t\t<div class=\"elementor-widget-container\">\n\t\t\t\t\t<h1 class=\"elementor-heading-title elementor-size-large\">Oferecemos v\u00e1rios Servi\u00e7os de Investiga\u00e7\u00e3o Pol\u00edtica <\/h1>\t\t\t\t<\/div>\n\t\t\t\t<\/div>\n\t\t\t\t<div class=\"elementor-element elementor-element-7d0d0c28 elementor-widget elementor-widget-text-editor\" data-id=\"7d0d0c28\" data-element_type=\"widget\" data-widget_type=\"text-editor.default\">\n\t\t\t\t<div class=\"elementor-widget-container\">\n\t\t\t\t\t\t\t\t\t<p>A Ag\u00eancia Espi\u00e3o SIP tem os melhores Detetives para te ajudar na sua Investiga\u00e7\u00e3o Pol\u00edtica, tudo com muito sigilo e rapidez.<\/p>\t\t\t\t\t\t\t\t<\/div>\n\t\t\t\t<\/div>\n\t\t\t\t\t<\/div>\n\t\t<\/div>\n\t\t\t\t\t<\/div>\n\t\t<\/section>\n\t\t\t\t<section class=\"elementor-section elementor-top-section elementor-element elementor-element-1a1cb7e8 elementor-section-boxed elementor-section-height-default elementor-section-height-default\" data-id=\"1a1cb7e8\" data-element_type=\"section\">\n\t\t\t\t\t\t<div class=\"elementor-container elementor-column-gap-default\">\n\t\t\t\t\t<div class=\"elementor-column elementor-col-100 elementor-top-column elementor-element elementor-element-498291b6\" data-id=\"498291b6\" data-element_type=\"column\">\n\t\t\t<div class=\"elementor-widget-wrap elementor-element-populated\">\n\t\t\t\t\t\t<div class=\"elementor-element elementor-element-31273b0e elementor-widget elementor-widget-heading\" data-id=\"31273b0e\" data-element_type=\"widget\" data-widget_type=\"heading.default\">\n\t\t\t\t<div class=\"elementor-widget-container\">\n\t\t\t\t\t<h2 class=\"elementor-heading-title elementor-size-default\">Investiga\u00e7\u00e3o Pol\u00edtica<\/h2>\t\t\t\t<\/div>\n\t\t\t\t<\/div>\n\t\t\t\t<div class=\"elementor-element elementor-element-4233168 elementor-widget elementor-widget-text-editor\" data-id=\"4233168\" data-element_type=\"widget\" data-widget_type=\"text-editor.default\">\n\t\t\t\t<div class=\"elementor-widget-container\">\n\t\t\t\t\t\t\t\t\t<p><img fetchpriority=\"high\" decoding=\"async\" class=\"alignleft wp-image-197\" src=\"https:\/\/www.espiaosip.com.br\/servicos\/wp-content\/uploads\/2021\/03\/Investigacao-Politica-Detetive.jpg\" alt=\"Investiga\u00e7\u00e3o Politica Detetive\" width=\"400\" height=\"258\" \/><\/p><p>A ag\u00eancia SIP conta com detetives especializados no ramo de\u00a0<b>investiga\u00e7\u00e3o pol\u00edtica<\/b>\u00a0e de pol\u00edticos. Cada caso \u00e9 individualmente analisado e a partir da\u00ed se constata a melhor maneira, m\u00e9todo, recurso para atender ao nosso cliente e configurar assim a prova desejada pelo mesmo.<\/p><p>\u00a0<\/p><p>Cada dia que passa com essa situa\u00e7\u00e3o pol\u00edtica que o pa\u00eds se encontra, os pol\u00edticos devem se atentar para n\u00e3o dar motivos de perdas de votos e ser desmascarados por irregularidades na campanha. Cada prova levantada poder\u00e1 ser usada de forma judicial, agimos dentro da lei e com recursos totalmente autorizados e legais, uma de nossas armas \u00e9 sempre o total sigilo de nossas opera\u00e7\u00f5es, para que assim possamos desempenhar o melhor trabalho e coletar as melhores provas de\u00a0<strong>investiga\u00e7\u00e3o<\/strong>.<\/p><p>\u00a0<\/p><p>Outro grande diferencial da nossa equipe de\u00a0<em>investiga\u00e7\u00e3o pol\u00edtica<\/em>, \u00e9 que al\u00e9m de mantermos um arsenal de equipamentos de \u00faltima gera\u00e7\u00e3o, disponibilizamos tamb\u00e9m de acesso a alguns\u00a0 dos maiores bancos de dados atualizados do pa\u00eds, o que torna nosso trabalho mais sigiloso, r\u00e1pido, eficiente e seguro.<\/p><p>\u00a0<\/p><p>Na nossa empresa disponibilizamos de agentes totalmente especializados e treinados na obten\u00e7\u00e3o de fatos concretos e claros sobre oposi\u00e7\u00e3o e situa\u00e7\u00e3o pol\u00edtica. Esteja sempre a frente da imprensa e de seus advers\u00e1rios pol\u00edticos, este passo pode lhe render a vitoria, Disponibilizamos de t\u00e9cnicas avan\u00e7adas de pesquisa para auxilio de\u00a0 todos os candidatos e etc.<\/p>\t\t\t\t\t\t\t\t<\/div>\n\t\t\t\t<\/div>\n\t\t\t\t\t<\/div>\n\t\t<\/div>\n\t\t\t\t\t<\/div>\n\t\t<\/section>\n\t\t\t\t<section class=\"elementor-section elementor-top-section elementor-element elementor-element-36491bf6 elementor-section-boxed elementor-section-height-default elementor-section-height-default\" data-id=\"36491bf6\" data-element_type=\"section\" data-settings=\"{&quot;background_background&quot;:&quot;classic&quot;}\">\n\t\t\t\t\t\t<div class=\"elementor-container elementor-column-gap-default\">\n\t\t\t\t\t<div class=\"elementor-column elementor-col-100 elementor-top-column elementor-element elementor-element-4bdc0f73\" data-id=\"4bdc0f73\" data-element_type=\"column\">\n\t\t\t<div class=\"elementor-widget-wrap elementor-element-populated\">\n\t\t\t\t\t\t<section class=\"elementor-section elementor-inner-section elementor-element elementor-element-2ba4f223 elementor-section-boxed elementor-section-height-default elementor-section-height-default\" data-id=\"2ba4f223\" data-element_type=\"section\">\n\t\t\t\t\t\t<div class=\"elementor-container elementor-column-gap-default\">\n\t\t\t\t\t<div class=\"elementor-column elementor-col-50 elementor-inner-column elementor-element elementor-element-5cf54621\" data-id=\"5cf54621\" data-element_type=\"column\">\n\t\t\t<div class=\"elementor-widget-wrap elementor-element-populated\">\n\t\t\t\t\t\t<div class=\"elementor-element elementor-element-4bf7d6b elementor-widget elementor-widget-heading\" data-id=\"4bf7d6b\" data-element_type=\"widget\" data-widget_type=\"heading.default\">\n\t\t\t\t<div class=\"elementor-widget-container\">\n\t\t\t\t\t<h2 class=\"elementor-heading-title elementor-size-large\">Garanta uma investiga\u00e7\u00e3o de qualidade com os Detetives da SIP, entre em contato e tire todas suas d\u00favidas.<\/h2>\t\t\t\t<\/div>\n\t\t\t\t<\/div>\n\t\t\t\t\t<\/div>\n\t\t<\/div>\n\t\t\t\t<div class=\"elementor-column elementor-col-50 elementor-inner-column elementor-element elementor-element-461a5d63\" data-id=\"461a5d63\" data-element_type=\"column\">\n\t\t\t<div class=\"elementor-widget-wrap elementor-element-populated\">\n\t\t\t\t\t\t<div class=\"elementor-element elementor-element-76a5c284 elementor-align-center elementor-widget elementor-widget-button\" data-id=\"76a5c284\" data-element_type=\"widget\" data-widget_type=\"button.default\">\n\t\t\t\t<div class=\"elementor-widget-container\">\n\t\t\t\t\t\t\t\t\t<div class=\"elementor-button-wrapper\">\n\t\t\t\t\t<a class=\"elementor-button elementor-button-link elementor-size-md\" href=\"https:\/\/www.espiaosip.com.br\/servicos\/contato\/\" rel=\"nofollow\">\n\t\t\t\t\t\t<span class=\"elementor-button-content-wrapper\">\n\t\t\t\t\t\t\t\t\t<span class=\"elementor-button-text\">CONTATO<\/span>\n\t\t\t\t\t<\/span>\n\t\t\t\t\t<\/a>\n\t\t\t\t<\/div>\n\t\t\t\t\t\t\t\t<\/div>\n\t\t\t\t<\/div>\n\t\t\t\t\t<\/div>\n\t\t<\/div>\n\t\t\t\t\t<\/div>\n\t\t<\/section>\n\t\t\t\t\t<\/div>\n\t\t<\/div>\n\t\t\t\t\t<\/div>\n\t\t<\/section>\n\t\t\t\t<\/div>\n\t\t","protected":false},"excerpt":{"rendered":"<p>Oferecemos v\u00e1rios Servi\u00e7os de Investiga\u00e7\u00e3o Pol\u00edtica A Ag\u00eancia Espi\u00e3o SIP tem os melhores Detetives para te ajudar na sua Investiga\u00e7\u00e3o Pol\u00edtica, tudo com muito sigilo e rapidez. A ag\u00eancia SIP conta com detetives especializados no ramo de\u00a0investiga\u00e7\u00e3o pol\u00edtica\u00a0e de pol\u00edticos. Cada caso \u00e9 individualmente analisado e a partir da\u00ed se constata a melhor maneira, m\u00e9todo, &#8230; <a title=\"Investiga\u00e7\u00e3o Pol\u00edtica\" class=\"read-more\" href=\"https:\/\/www.espiaosip.com.br\/servicos\/investigacao-politica\/\" aria-label=\"More on Investiga\u00e7\u00e3o Pol\u00edtica\">Ler mais<\/a><\/p>\n","protected":false},"author":1,"featured_media":0,"parent":0,"menu_order":0,"comment_status":"closed","ping_status":"closed","template":"elementor_header_footer","meta":{"footnotes":""},"class_list":["post-106","page","type-page","status-publish"],"yoast_head":"<!-- This site is optimized with the Yoast SEO plugin v26.9 - https:\/\/yoast.com\/product\/yoast-seo-wordpress\/ -->\n<title>Investiga\u00e7\u00e3o Pol\u00edtica em todo Brasil 24 horas por Dia - Espiao SIP<\/title>\n<meta name=\"description\" content=\"Precisando de uma Investiga\u00e7\u00e3o Pol\u00edtica? A SIP possui os melhores Detetives em todas Regi\u00f5es do Brasil, entre em contato conosco.\" \/>\n<meta name=\"robots\" content=\"index, follow, max-snippet:-1, max-image-preview:large, max-video-preview:-1\" \/>\n<link rel=\"canonical\" href=\"https:\/\/www.espiaosip.com.br\/servicos\/investigacao-politica\/\" \/>\n<meta property=\"og:locale\" content=\"pt_BR\" \/>\n<meta property=\"og:type\" content=\"article\" \/>\n<meta property=\"og:title\" content=\"Investiga\u00e7\u00e3o Pol\u00edtica em todos Estados 24 horas por Dia - Espiao SIP\" \/>\n<meta property=\"og:description\" content=\"Precisando de uma Investiga\u00e7\u00e3o Pol\u00edtica? A SIP possui os melhores Detetives em todas Regi\u00f5es do Brasil, entre em contato conosco.\" \/>\n<meta property=\"og:url\" content=\"https:\/\/www.espiaosip.com.br\/servicos\/investigacao-politica\/\" \/>\n<meta property=\"og:site_name\" content=\"Espiao SIP\" \/>\n<meta property=\"article:modified_time\" content=\"2021-03-29T11:35:02+00:00\" \/>\n<meta property=\"og:image\" content=\"https:\/\/www.espiaosip.com.br\/servicos\/wp-content\/uploads\/2021\/03\/Investigacao-Politica.jpeg\" \/>\n\t<meta property=\"og:image:width\" content=\"1280\" \/>\n\t<meta property=\"og:image:height\" content=\"770\" \/>\n\t<meta property=\"og:image:type\" content=\"image\/jpeg\" \/>\n<meta name=\"twitter:card\" content=\"summary_large_image\" \/>\n<meta name=\"twitter:label1\" content=\"Est. tempo de leitura\" \/>\n\t<meta name=\"twitter:data1\" content=\"2 minutos\" \/>\n<script type=\"application\/ld+json\" class=\"yoast-schema-graph\">{\"@context\":\"https:\/\/schema.org\",\"@graph\":[{\"@type\":\"WebPage\",\"@id\":\"https:\/\/www.espiaosip.com.br\/servicos\/investigacao-politica\/\",\"url\":\"https:\/\/www.espiaosip.com.br\/servicos\/investigacao-politica\/\",\"name\":\"Investiga\u00e7\u00e3o Pol\u00edtica em todo Brasil 24 horas por Dia - Espiao SIP\",\"isPartOf\":{\"@id\":\"https:\/\/www.espiaosip.com.br\/servicos\/#website\"},\"primaryImageOfPage\":{\"@id\":\"https:\/\/www.espiaosip.com.br\/servicos\/investigacao-politica\/#primaryimage\"},\"image\":{\"@id\":\"https:\/\/www.espiaosip.com.br\/servicos\/investigacao-politica\/#primaryimage\"},\"thumbnailUrl\":\"https:\/\/www.espiaosip.com.br\/servicos\/wp-content\/uploads\/2021\/03\/Investigacao-Politica-Detetive.jpg\",\"datePublished\":\"2021-03-24T19:54:18+00:00\",\"dateModified\":\"2021-03-29T11:35:02+00:00\",\"description\":\"Precisando de uma Investiga\u00e7\u00e3o Pol\u00edtica? A SIP possui os melhores Detetives em todas Regi\u00f5es do Brasil, entre em contato conosco.\",\"breadcrumb\":{\"@id\":\"https:\/\/www.espiaosip.com.br\/servicos\/investigacao-politica\/#breadcrumb\"},\"inLanguage\":\"pt-BR\",\"potentialAction\":[{\"@type\":\"ReadAction\",\"target\":[\"https:\/\/www.espiaosip.com.br\/servicos\/investigacao-politica\/\"]}]},{\"@type\":\"ImageObject\",\"inLanguage\":\"pt-BR\",\"@id\":\"https:\/\/www.espiaosip.com.br\/servicos\/investigacao-politica\/#primaryimage\",\"url\":\"https:\/\/www.espiaosip.com.br\/servicos\/wp-content\/uploads\/2021\/03\/Investigacao-Politica-Detetive.jpg\",\"contentUrl\":\"https:\/\/www.espiaosip.com.br\/servicos\/wp-content\/uploads\/2021\/03\/Investigacao-Politica-Detetive.jpg\",\"width\":279,\"height\":180,\"caption\":\"Investiga\u00e7\u00e3o Politica Detetive\"},{\"@type\":\"BreadcrumbList\",\"@id\":\"https:\/\/www.espiaosip.com.br\/servicos\/investigacao-politica\/#breadcrumb\",\"itemListElement\":[{\"@type\":\"ListItem\",\"position\":1,\"name\":\"In\u00edcio\",\"item\":\"https:\/\/www.espiaosip.com.br\/servicos\/\"},{\"@type\":\"ListItem\",\"position\":2,\"name\":\"Investiga\u00e7\u00e3o Pol\u00edtica\"}]},{\"@type\":\"WebSite\",\"@id\":\"https:\/\/www.espiaosip.com.br\/servicos\/#website\",\"url\":\"https:\/\/www.espiaosip.com.br\/servicos\/\",\"name\":\"Espiao SIP\",\"description\":\"Precisando de um Detetive Particular de Confian\u00e7a? Trabalhamos com sigilo 24 horas por dia. Entrem em contato para mais informa\u00e7\u00f5es.\",\"publisher\":{\"@id\":\"https:\/\/www.espiaosip.com.br\/servicos\/#organization\"},\"potentialAction\":[{\"@type\":\"SearchAction\",\"target\":{\"@type\":\"EntryPoint\",\"urlTemplate\":\"https:\/\/www.espiaosip.com.br\/servicos\/?s={search_term_string}\"},\"query-input\":{\"@type\":\"PropertyValueSpecification\",\"valueRequired\":true,\"valueName\":\"search_term_string\"}}],\"inLanguage\":\"pt-BR\"},{\"@type\":\"Organization\",\"@id\":\"https:\/\/www.espiaosip.com.br\/servicos\/#organization\",\"name\":\"Espiao SIP\",\"url\":\"https:\/\/www.espiaosip.com.br\/servicos\/\",\"logo\":{\"@type\":\"ImageObject\",\"inLanguage\":\"pt-BR\",\"@id\":\"https:\/\/www.espiaosip.com.br\/servicos\/#\/schema\/logo\/image\/\",\"url\":\"https:\/\/www.espiaosip.com.br\/servicos\/wp-content\/uploads\/2021\/03\/cropped-Detetive-Particular-1.png\",\"contentUrl\":\"https:\/\/www.espiaosip.com.br\/servicos\/wp-content\/uploads\/2021\/03\/cropped-Detetive-Particular-1.png\",\"width\":385,\"height\":112,\"caption\":\"Espiao SIP\"},\"image\":{\"@id\":\"https:\/\/www.espiaosip.com.br\/servicos\/#\/schema\/logo\/image\/\"}}]}<\/script>\n<!-- \/ Yoast SEO plugin. -->","yoast_head_json":{"title":"Investiga\u00e7\u00e3o Pol\u00edtica em todo Brasil 24 horas por Dia - Espiao SIP","description":"Precisando de uma Investiga\u00e7\u00e3o Pol\u00edtica? A SIP possui os melhores Detetives em todas Regi\u00f5es do Brasil, entre em contato conosco.","robots":{"index":"index","follow":"follow","max-snippet":"max-snippet:-1","max-image-preview":"max-image-preview:large","max-video-preview":"max-video-preview:-1"},"canonical":"https:\/\/www.espiaosip.com.br\/servicos\/investigacao-politica\/","og_locale":"pt_BR","og_type":"article","og_title":"Investiga\u00e7\u00e3o Pol\u00edtica em todos Estados 24 horas por Dia - Espiao SIP","og_description":"Precisando de uma Investiga\u00e7\u00e3o Pol\u00edtica? A SIP possui os melhores Detetives em todas Regi\u00f5es do Brasil, entre em contato conosco.","og_url":"https:\/\/www.espiaosip.com.br\/servicos\/investigacao-politica\/","og_site_name":"Espiao SIP","article_modified_time":"2021-03-29T11:35:02+00:00","og_image":[{"width":1280,"height":770,"url":"https:\/\/www.espiaosip.com.br\/servicos\/wp-content\/uploads\/2021\/03\/Investigacao-Politica.jpeg","type":"image\/jpeg"}],"twitter_card":"summary_large_image","twitter_misc":{"Est. tempo de leitura":"2 minutos"},"schema":{"@context":"https:\/\/schema.org","@graph":[{"@type":"WebPage","@id":"https:\/\/www.espiaosip.com.br\/servicos\/investigacao-politica\/","url":"https:\/\/www.espiaosip.com.br\/servicos\/investigacao-politica\/","name":"Investiga\u00e7\u00e3o Pol\u00edtica em todo Brasil 24 horas por Dia - Espiao SIP","isPartOf":{"@id":"https:\/\/www.espiaosip.com.br\/servicos\/#website"},"primaryImageOfPage":{"@id":"https:\/\/www.espiaosip.com.br\/servicos\/investigacao-politica\/#primaryimage"},"image":{"@id":"https:\/\/www.espiaosip.com.br\/servicos\/investigacao-politica\/#primaryimage"},"thumbnailUrl":"https:\/\/www.espiaosip.com.br\/servicos\/wp-content\/uploads\/2021\/03\/Investigacao-Politica-Detetive.jpg","datePublished":"2021-03-24T19:54:18+00:00","dateModified":"2021-03-29T11:35:02+00:00","description":"Precisando de uma Investiga\u00e7\u00e3o Pol\u00edtica? A SIP possui os melhores Detetives em todas Regi\u00f5es do Brasil, entre em contato conosco.","breadcrumb":{"@id":"https:\/\/www.espiaosip.com.br\/servicos\/investigacao-politica\/#breadcrumb"},"inLanguage":"pt-BR","potentialAction":[{"@type":"ReadAction","target":["https:\/\/www.espiaosip.com.br\/servicos\/investigacao-politica\/"]}]},{"@type":"ImageObject","inLanguage":"pt-BR","@id":"https:\/\/www.espiaosip.com.br\/servicos\/investigacao-politica\/#primaryimage","url":"https:\/\/www.espiaosip.com.br\/servicos\/wp-content\/uploads\/2021\/03\/Investigacao-Politica-Detetive.jpg","contentUrl":"https:\/\/www.espiaosip.com.br\/servicos\/wp-content\/uploads\/2021\/03\/Investigacao-Politica-Detetive.jpg","width":279,"height":180,"caption":"Investiga\u00e7\u00e3o Politica Detetive"},{"@type":"BreadcrumbList","@id":"https:\/\/www.espiaosip.com.br\/servicos\/investigacao-politica\/#breadcrumb","itemListElement":[{"@type":"ListItem","position":1,"name":"In\u00edcio","item":"https:\/\/www.espiaosip.com.br\/servicos\/"},{"@type":"ListItem","position":2,"name":"Investiga\u00e7\u00e3o Pol\u00edtica"}]},{"@type":"WebSite","@id":"https:\/\/www.espiaosip.com.br\/servicos\/#website","url":"https:\/\/www.espiaosip.com.br\/servicos\/","name":"Espiao SIP","description":"Precisando de um Detetive Particular de Confian\u00e7a? Trabalhamos com sigilo 24 horas por dia. Entrem em contato para mais informa\u00e7\u00f5es.","publisher":{"@id":"https:\/\/www.espiaosip.com.br\/servicos\/#organization"},"potentialAction":[{"@type":"SearchAction","target":{"@type":"EntryPoint","urlTemplate":"https:\/\/www.espiaosip.com.br\/servicos\/?s={search_term_string}"},"query-input":{"@type":"PropertyValueSpecification","valueRequired":true,"valueName":"search_term_string"}}],"inLanguage":"pt-BR"},{"@type":"Organization","@id":"https:\/\/www.espiaosip.com.br\/servicos\/#organization","name":"Espiao SIP","url":"https:\/\/www.espiaosip.com.br\/servicos\/","logo":{"@type":"ImageObject","inLanguage":"pt-BR","@id":"https:\/\/www.espiaosip.com.br\/servicos\/#\/schema\/logo\/image\/","url":"https:\/\/www.espiaosip.com.br\/servicos\/wp-content\/uploads\/2021\/03\/cropped-Detetive-Particular-1.png","contentUrl":"https:\/\/www.espiaosip.com.br\/servicos\/wp-content\/uploads\/2021\/03\/cropped-Detetive-Particular-1.png","width":385,"height":112,"caption":"Espiao SIP"},"image":{"@id":"https:\/\/www.espiaosip.com.br\/servicos\/#\/schema\/logo\/image\/"}}]}},"_links":{"self":[{"href":"https:\/\/www.espiaosip.com.br\/servicos\/wp-json\/wp\/v2\/pages\/106","targetHints":{"allow":["GET"]}}],"collection":[{"href":"https:\/\/www.espiaosip.com.br\/servicos\/wp-json\/wp\/v2\/pages"}],"about":[{"href":"https:\/\/www.espiaosip.com.br\/servicos\/wp-json\/wp\/v2\/types\/page"}],"author":[{"embeddable":true,"href":"https:\/\/www.espiaosip.com.br\/servicos\/wp-json\/wp\/v2\/users\/1"}],"replies":[{"embeddable":true,"href":"https:\/\/www.espiaosip.com.br\/servicos\/wp-json\/wp\/v2\/comments?post=106"}],"version-history":[{"count":10,"href":"https:\/\/www.espiaosip.com.br\/servicos\/wp-json\/wp\/v2\/pages\/106\/revisions"}],"predecessor-version":[{"id":345,"href":"https:\/\/www.espiaosip.com.br\/servicos\/wp-json\/wp\/v2\/pages\/106\/revisions\/345"}],"wp:attachment":[{"href":"https:\/\/www.espiaosip.com.br\/servicos\/wp-json\/wp\/v2\/media?parent=106"}],"curies":[{"name":"wp","href":"https:\/\/api.w.org\/{rel}","templated":true}]}}