{"id":20,"date":"2021-03-24T11:26:33","date_gmt":"2021-03-24T14:26:33","guid":{"rendered":"https:\/\/www.espiaosip.com.br\/servicos\/?page_id=20"},"modified":"2021-03-28T12:55:22","modified_gmt":"2021-03-28T15:55:22","slug":"sobre","status":"publish","type":"page","link":"https:\/\/www.espiaosip.com.br\/servicos\/sobre\/","title":{"rendered":"Sobre"},"content":{"rendered":"\t\t<div data-elementor-type=\"wp-page\" data-elementor-id=\"20\" class=\"elementor elementor-20\" data-elementor-post-type=\"page\">\n\t\t\t\t\t\t<section class=\"elementor-section elementor-top-section elementor-element elementor-element-0038ef6 elementor-section-boxed elementor-section-height-default elementor-section-height-default\" data-id=\"0038ef6\" data-element_type=\"section\">\n\t\t\t\t\t\t<div class=\"elementor-container elementor-column-gap-default\">\n\t\t\t\t\t<div class=\"elementor-column elementor-col-100 elementor-top-column elementor-element elementor-element-2f804c3\" data-id=\"2f804c3\" data-element_type=\"column\">\n\t\t\t<div class=\"elementor-widget-wrap elementor-element-populated\">\n\t\t\t\t\t\t<div class=\"elementor-element elementor-element-627cd51 elementor-widget elementor-widget-heading\" data-id=\"627cd51\" data-element_type=\"widget\" data-widget_type=\"heading.default\">\n\t\t\t\t<div class=\"elementor-widget-container\">\n\t\t\t\t\t<h2 class=\"elementor-heading-title elementor-size-xl\">Espi\u00e3o SIP<\/h2>\t\t\t\t<\/div>\n\t\t\t\t<\/div>\n\t\t\t\t<div class=\"elementor-element elementor-element-754153a elementor-widget elementor-widget-text-editor\" data-id=\"754153a\" data-element_type=\"widget\" data-widget_type=\"text-editor.default\">\n\t\t\t\t<div class=\"elementor-widget-container\">\n\t\t\t\t\t\t\t\t\t<p>A <strong>Ag\u00eancia de Detetive Particular<\/strong> Espi\u00e3o SIP (Servi\u00e7o de Informa\u00e7\u00e3o e Prote\u00e7\u00e3o), esta no mercado a mais de 20 anos liderada pelo Detetive Riva, juntamente com sua equipe de detetives particulares e investigadores, com atua\u00e7\u00e3o em todo o Brasil e pa\u00edses do Mercosul, nossa ag\u00eancia \u00e9 especializada e totalmente qualificada para solucionar os mais diversos casos sempre disponibilizando dos mais diversos e modernos recursos para resolver seu problema.<\/p>\n<p>\u00a0<\/p>\n<h3>Quais os servi\u00e7os prestados pela Ag\u00eancia de Detetive Particular Espi\u00e3o SIP?<\/h3>\n<p>Nossa ag\u00eancia presta servi\u00e7os tanto para pessoas f\u00edsicas quanto jur\u00eddicas por todo o Brasil, com excel\u00eancia nos mais diversos casos de investiga\u00e7\u00f5es, veja abaixo os principais servi\u00e7os prestados pela <i>Ag\u00eancia de Detetive Particular<\/i> Espi\u00e3o SIP:<\/p>\n<ul>\n<li>Investiga\u00e7\u00e3o Conjugal<\/li>\n<li>Investiga\u00e7\u00e3o Virtual<\/li>\n<li>Investiga\u00e7\u00e3o Empresarial<\/li>\n<li>Investiga\u00e7\u00e3o Pol\u00edtica<\/li>\n<li>Localiza\u00e7\u00e3o de Pessoas e Bens<\/li>\n<li>Monitoramento de Filhos<\/li>\n<li>Venda e loca\u00e7\u00e3o de equipamentos<\/li>\n<li>Provas para Advogados<\/li>\n<\/ul>\n<p>\u00a0<\/p>\n<p>Ap\u00f3s contratar algum dos servi\u00e7os listados acima, nossa ag\u00eancia se mant\u00e9m em contato com o cliente informando do processo de investiga\u00e7\u00e3o at\u00e9 a entrega do relat\u00f3rio final, assim garantindo uma boa rela\u00e7\u00e3o com o cliente e deixando o mesmo atualizado sempre. Tamb\u00e9m \u00e9 feito um contrato entre a ag\u00eancia e cliente que \u00e9 criado conforme a legisla\u00e7\u00e3o vigente, visando garantir que ambos os lados estejam garantidos e seguros, contendo todas as informa\u00e7\u00f5es para o cliente sentir total seguran\u00e7a com rela\u00e7\u00e3o a servi\u00e7o prestado.<\/p>\n<p>\u00a0<\/p>\n<h3>Quais equipamentos s\u00e3o utilizados nas investiga\u00e7\u00f5es da Ag\u00eancia Espi\u00e3o SIP?<\/h3>\n<p>A Ag\u00eancia de Detetive Particular Espi\u00e3o SIP utiliza os mais modernos e tecnol\u00f3gicos equipamentos para a resolu\u00e7\u00e3o de seus casos, acreditamos que a tecnologia aumenta a assertividade e rapidez dos casos, portanto temos um auto investimento em equipamentos para melhor atender nossos clientes. Abaixo esta alguns de nossos equipamentos que nos ajudam na solu\u00e7\u00e3o dos casos:<\/p>\n<ol>\n<li>C\u00e2meras Fotogr\u00e1ficas HD para garantir boa imagem nos registros,<\/li>\n<li>Filmadoras HD para realizar v\u00eddeos n\u00edtidos e perfeitos,<\/li>\n<li>Gravadores de \u00e1udio juntamente com escutas internas e externas,<\/li>\n<li>Utiliza\u00e7\u00e3o de Bancos de Dados para levantamento de dados para diversos assuntos,<\/li>\n<li>Acompanhamento da rotina de pessoas, sempre utilizando diferentes carros e motos para n\u00e3o levantar suspeitas do investigado,<\/li>\n<li>Monitoramento via sat\u00e9lite de ve\u00edculos e celulares,<\/li>\n<li>Softwares de monitoramento para computadores e celulares,<\/li>\n<\/ol>\n<p>\u00a0<\/p>\n<p>Para cada tipo de trabalho \u00e9 utilizado um equipamento adequado para a situa\u00e7\u00e3o, garantindo assim profissionalismo, efici\u00eancia, credibilidade e confian\u00e7a entre a ag\u00eancia e o cliente. Ent\u00e3o quando se trata de contratar qualquer tipo de servi\u00e7o de investiga\u00e7\u00e3o, pense o certo e entre em contato com a Ag\u00eancia de Detetive Particular Espi\u00e3o SIP, garantimos satisfa\u00e7\u00e3o total, pre\u00e7o justo, profissionais altamente treinados e experi\u00eancia a mais de 20 anos.<\/p>\t\t\t\t\t\t\t\t<\/div>\n\t\t\t\t<\/div>\n\t\t\t\t\t<\/div>\n\t\t<\/div>\n\t\t\t\t\t<\/div>\n\t\t<\/section>\n\t\t\t\t<div class=\"elementor-section elementor-inner-section elementor-element elementor-element-3b47bcfb elementor-section-boxed elementor-section-height-default elementor-section-height-default\" data-id=\"3b47bcfb\" data-element_type=\"section\">\n\t\t\t\t\t\t<div class=\"elementor-container elementor-column-gap-default\">\n\t\t\t\t\t<div class=\"elementor-column elementor-col-33 elementor-inner-column elementor-element elementor-element-55c9e122\" data-id=\"55c9e122\" data-element_type=\"column\">\n\t\t\t<div class=\"elementor-widget-wrap elementor-element-populated\">\n\t\t\t\t\t\t<div class=\"elementor-element elementor-element-4bf4d8e4 elementor-view-default elementor-position-top elementor-mobile-position-top elementor-widget elementor-widget-icon-box\" data-id=\"4bf4d8e4\" data-element_type=\"widget\" data-widget_type=\"icon-box.default\">\n\t\t\t\t<div class=\"elementor-widget-container\">\n\t\t\t\t\t\t\t<div class=\"elementor-icon-box-wrapper\">\n\n\t\t\t\t\t\t<div class=\"elementor-icon-box-icon\">\n\t\t\t\t<span  class=\"elementor-icon\">\n\t\t\t\t<i aria-hidden=\"true\" class=\"fas fa-clipboard-list\"><\/i>\t\t\t\t<\/span>\n\t\t\t<\/div>\n\t\t\t\n\t\t\t\t\t\t<div class=\"elementor-icon-box-content\">\n\n\t\t\t\t\t\t\t\t\t<p class=\"elementor-icon-box-title\">\n\t\t\t\t\t\t<span  >\n\t\t\t\t\t\t\tMiss\u00e3o\t\t\t\t\t\t<\/span>\n\t\t\t\t\t<\/p>\n\t\t\t\t\n\t\t\t\t\t\t\t\t\t<p class=\"elementor-icon-box-description\">\n\t\t\t\t\t\tPrestar nossos servi\u00e7os com qualidade e transpar\u00eancia, sempre visando a satisfa\u00e7\u00e3o total de nossos clientes.\t\t\t\t\t<\/p>\n\t\t\t\t\n\t\t\t<\/div>\n\t\t\t\n\t\t<\/div>\n\t\t\t\t\t\t<\/div>\n\t\t\t\t<\/div>\n\t\t\t\t\t<\/div>\n\t\t<\/div>\n\t\t\t\t<div class=\"elementor-column elementor-col-33 elementor-inner-column elementor-element elementor-element-19c234ed\" data-id=\"19c234ed\" data-element_type=\"column\">\n\t\t\t<div class=\"elementor-widget-wrap elementor-element-populated\">\n\t\t\t\t\t\t<div class=\"elementor-element elementor-element-71c1abc5 elementor-view-default elementor-position-top elementor-mobile-position-top elementor-widget elementor-widget-icon-box\" data-id=\"71c1abc5\" data-element_type=\"widget\" data-widget_type=\"icon-box.default\">\n\t\t\t\t<div class=\"elementor-widget-container\">\n\t\t\t\t\t\t\t<div class=\"elementor-icon-box-wrapper\">\n\n\t\t\t\t\t\t<div class=\"elementor-icon-box-icon\">\n\t\t\t\t<span  class=\"elementor-icon\">\n\t\t\t\t<i aria-hidden=\"true\" class=\"far fa-eye\"><\/i>\t\t\t\t<\/span>\n\t\t\t<\/div>\n\t\t\t\n\t\t\t\t\t\t<div class=\"elementor-icon-box-content\">\n\n\t\t\t\t\t\t\t\t\t<p class=\"elementor-icon-box-title\">\n\t\t\t\t\t\t<span  >\n\t\t\t\t\t\t\tVis\u00e3o\t\t\t\t\t\t<\/span>\n\t\t\t\t\t<\/p>\n\t\t\t\t\n\t\t\t\t\t\t\t\t\t<p class=\"elementor-icon-box-description\">\n\t\t\t\t\t\tSempre estar se aprimorando nos m\u00e9todos de trabalho com novas tecnologias e estrat\u00e9gias, para melhor atender o cliente.\t\t\t\t\t<\/p>\n\t\t\t\t\n\t\t\t<\/div>\n\t\t\t\n\t\t<\/div>\n\t\t\t\t\t\t<\/div>\n\t\t\t\t<\/div>\n\t\t\t\t\t<\/div>\n\t\t<\/div>\n\t\t\t\t<div class=\"elementor-column elementor-col-33 elementor-inner-column elementor-element elementor-element-5031aa20\" data-id=\"5031aa20\" data-element_type=\"column\">\n\t\t\t<div class=\"elementor-widget-wrap elementor-element-populated\">\n\t\t\t\t\t\t<div class=\"elementor-element elementor-element-25b940f8 elementor-view-default elementor-position-top elementor-mobile-position-top elementor-widget elementor-widget-icon-box\" data-id=\"25b940f8\" data-element_type=\"widget\" data-widget_type=\"icon-box.default\">\n\t\t\t\t<div class=\"elementor-widget-container\">\n\t\t\t\t\t\t\t<div class=\"elementor-icon-box-wrapper\">\n\n\t\t\t\t\t\t<div class=\"elementor-icon-box-icon\">\n\t\t\t\t<span  class=\"elementor-icon\">\n\t\t\t\t<i aria-hidden=\"true\" class=\"fas fa-trophy\"><\/i>\t\t\t\t<\/span>\n\t\t\t<\/div>\n\t\t\t\n\t\t\t\t\t\t<div class=\"elementor-icon-box-content\">\n\n\t\t\t\t\t\t\t\t\t<p class=\"elementor-icon-box-title\">\n\t\t\t\t\t\t<span  >\n\t\t\t\t\t\t\tValores\t\t\t\t\t\t<\/span>\n\t\t\t\t\t<\/p>\n\t\t\t\t\n\t\t\t\t\t\t\t\t\t<p class=\"elementor-icon-box-description\">\n\t\t\t\t\t\tNosso compromisso \u00e9 garantir a resolu\u00e7\u00e3o do problema de nosso cliente, sempre trabalhando com rapidez, efici\u00eancia e sigilo total.\t\t\t\t\t<\/p>\n\t\t\t\t\n\t\t\t<\/div>\n\t\t\t\n\t\t<\/div>\n\t\t\t\t\t\t<\/div>\n\t\t\t\t<\/div>\n\t\t\t\t\t<\/div>\n\t\t<\/div>\n\t\t\t\t\t<\/div>\n\t\t<\/div>\n\t\t\t\t<div class=\"elementor-section elementor-inner-section elementor-element elementor-element-7736aeab elementor-section-boxed elementor-section-height-default elementor-section-height-default\" data-id=\"7736aeab\" data-element_type=\"section\">\n\t\t\t\t\t\t<div class=\"elementor-container elementor-column-gap-default\">\n\t\t\t\t\t<aside class=\"elementor-column elementor-col-50 elementor-inner-column elementor-element elementor-element-3bf7246a\" data-id=\"3bf7246a\" data-element_type=\"column\">\n\t\t\t<div class=\"elementor-widget-wrap elementor-element-populated\">\n\t\t\t\t\t\t<div class=\"elementor-element elementor-element-396b7a04 elementor-widget elementor-widget-heading\" data-id=\"396b7a04\" data-element_type=\"widget\" data-widget_type=\"heading.default\">\n\t\t\t\t<div class=\"elementor-widget-container\">\n\t\t\t\t\t<h4 class=\"elementor-heading-title elementor-size-default\">Empresa de Detetive Particular perto de mim<\/h4>\t\t\t\t<\/div>\n\t\t\t\t<\/div>\n\t\t\t\t<div class=\"elementor-element elementor-element-1c3fdcaa elementor-widget elementor-widget-google_maps\" data-id=\"1c3fdcaa\" data-element_type=\"widget\" data-widget_type=\"google_maps.default\">\n\t\t\t\t<div class=\"elementor-widget-container\">\n\t\t\t\t\t\t\t<div class=\"elementor-custom-embed\">\n\t\t\t<iframe loading=\"lazy\"\n\t\t\t\t\tsrc=\"https:\/\/maps.google.com\/maps?q=S%C3%A3o%20Paulo%2C%20S%C3%A3o%20Paulo%2C%20Brasil&#038;t=m&#038;z=10&#038;output=embed&#038;iwloc=near\"\n\t\t\t\t\ttitle=\"S\u00e3o Paulo, S\u00e3o Paulo, Brasil\"\n\t\t\t\t\taria-label=\"S\u00e3o Paulo, S\u00e3o Paulo, Brasil\"\n\t\t\t><\/iframe>\n\t\t<\/div>\n\t\t\t\t\t\t<\/div>\n\t\t\t\t<\/div>\n\t\t\t\t\t<\/div>\n\t\t<\/aside>\n\t\t\t\t<aside class=\"elementor-column elementor-col-50 elementor-inner-column elementor-element elementor-element-2257eeb9\" data-id=\"2257eeb9\" data-element_type=\"column\">\n\t\t\t<div class=\"elementor-widget-wrap elementor-element-populated\">\n\t\t\t\t\t\t<div class=\"elementor-element elementor-element-377a1ec9 elementor-widget elementor-widget-heading\" data-id=\"377a1ec9\" data-element_type=\"widget\" data-widget_type=\"heading.default\">\n\t\t\t\t<div class=\"elementor-widget-container\">\n\t\t\t\t\t<h4 class=\"elementor-heading-title elementor-size-default\">Informa\u00e7\u00f5es de contato<\/h4>\t\t\t\t<\/div>\n\t\t\t\t<\/div>\n\t\t\t\t<div class=\"elementor-element elementor-element-776b2848 elementor-author-box--layout-image-above elementor-author-box--align-center elementor-widget elementor-widget-author-box\" data-id=\"776b2848\" data-element_type=\"widget\" data-widget_type=\"author-box.default\">\n\t\t\t\t<div class=\"elementor-widget-container\">\n\t\t\t\t\t\t\t<div class=\"elementor-author-box\">\n\t\t\t\t\t\t\t<div  class=\"elementor-author-box__avatar\">\n\t\t\t\t\t<img decoding=\"async\" src=\"https:\/\/www.espiaosip.com.br\/servicos\/wp-content\/uploads\/2021\/03\/Icone-Espiao-SIP-1-300x300.png\" alt=\"Picture of Espi\u00e3o SIP\" loading=\"lazy\">\n\t\t\t\t<\/div>\n\t\t\t\n\t\t\t<div class=\"elementor-author-box__text\">\n\t\t\t\t\t\t\t\t\t<div >\n\t\t\t\t\t\t<span class=\"elementor-author-box__name\">\n\t\t\t\t\t\t\tEspi\u00e3o SIP\t\t\t\t\t\t<\/span>\n\t\t\t\t\t<\/div>\n\t\t\t\t\n\t\t\t\t\t\t\t\t\t<div class=\"elementor-author-box__bio\">\n\t\t\t\t\t\t<p>Ag\u00eancia de Detetives Particulares especializada em todos os tipos de Investiga\u00e7\u00f5es por todo Brasil.<\/p>\n\t\t\t\t\t<\/div>\n\t\t\t\t\n\t\t\t\t\t\t\t<\/div>\n\t\t<\/div>\n\t\t\t\t\t\t<\/div>\n\t\t\t\t<\/div>\n\t\t\t\t<div class=\"elementor-element elementor-element-191126a2 elementor-align-center elementor-icon-list--layout-traditional elementor-list-item-link-full_width elementor-widget elementor-widget-icon-list\" data-id=\"191126a2\" data-element_type=\"widget\" data-widget_type=\"icon-list.default\">\n\t\t\t\t<div class=\"elementor-widget-container\">\n\t\t\t\t\t\t\t<ul class=\"elementor-icon-list-items\">\n\t\t\t\t\t\t\t<li class=\"elementor-icon-list-item\">\n\t\t\t\t\t\t\t\t\t\t\t<span class=\"elementor-icon-list-icon\">\n\t\t\t\t\t\t\t<i aria-hidden=\"true\" class=\"fab fa-whatsapp\"><\/i>\t\t\t\t\t\t<\/span>\n\t\t\t\t\t\t\t\t\t\t<span class=\"elementor-icon-list-text\">011 98668-1508<\/span>\n\t\t\t\t\t\t\t\t\t<\/li>\n\t\t\t\t\t\t\t\t<li class=\"elementor-icon-list-item\">\n\t\t\t\t\t\t\t\t\t\t\t<span class=\"elementor-icon-list-icon\">\n\t\t\t\t\t\t\t<i aria-hidden=\"true\" class=\"fab fa-whatsapp\"><\/i>\t\t\t\t\t\t<\/span>\n\t\t\t\t\t\t\t\t\t\t<span class=\"elementor-icon-list-text\">017 98231-8282<\/span>\n\t\t\t\t\t\t\t\t\t<\/li>\n\t\t\t\t\t\t\t\t<li class=\"elementor-icon-list-item\">\n\t\t\t\t\t\t\t\t\t\t\t<span class=\"elementor-icon-list-icon\">\n\t\t\t\t\t\t\t<i aria-hidden=\"true\" class=\"far fa-envelope\"><\/i>\t\t\t\t\t\t<\/span>\n\t\t\t\t\t\t\t\t\t\t<span class=\"elementor-icon-list-text\">contato@espiaosip.com.br<\/span>\n\t\t\t\t\t\t\t\t\t<\/li>\n\t\t\t\t\t\t\t\t<li class=\"elementor-icon-list-item\">\n\t\t\t\t\t\t\t\t\t\t\t<span class=\"elementor-icon-list-icon\">\n\t\t\t\t\t\t\t<i aria-hidden=\"true\" class=\"fas fa-search-location\"><\/i>\t\t\t\t\t\t<\/span>\n\t\t\t\t\t\t\t\t\t\t<span class=\"elementor-icon-list-text\">Rua Sena Madureira, 163 - Vila Clementino<\/span>\n\t\t\t\t\t\t\t\t\t<\/li>\n\t\t\t\t\t\t<\/ul>\n\t\t\t\t\t\t<\/div>\n\t\t\t\t<\/div>\n\t\t\t\t\t<\/div>\n\t\t<\/aside>\n\t\t\t\t\t<\/div>\n\t\t<\/div>\n\t\t\t\t<\/div>\n\t\t","protected":false},"excerpt":{"rendered":"<p>Espi\u00e3o SIP A Ag\u00eancia de Detetive Particular Espi\u00e3o SIP (Servi\u00e7o de Informa\u00e7\u00e3o e Prote\u00e7\u00e3o), esta no mercado a mais de 20 anos liderada pelo Detetive Riva, juntamente com sua equipe de detetives particulares e investigadores, com atua\u00e7\u00e3o em todo o Brasil e pa\u00edses do Mercosul, nossa ag\u00eancia \u00e9 especializada e totalmente qualificada para solucionar os &#8230; <a title=\"Sobre\" class=\"read-more\" href=\"https:\/\/www.espiaosip.com.br\/servicos\/sobre\/\" aria-label=\"More on Sobre\">Ler mais<\/a><\/p>\n","protected":false},"author":1,"featured_media":0,"parent":0,"menu_order":0,"comment_status":"closed","ping_status":"closed","template":"elementor_header_footer","meta":{"footnotes":""},"class_list":["post-20","page","type-page","status-publish"],"yoast_head":"<!-- This site is optimized with the Yoast SEO plugin v26.9 - https:\/\/yoast.com\/product\/yoast-seo-wordpress\/ -->\n<title>Sobre a Ag\u00eancia - Espiao SIP<\/title>\n<meta name=\"description\" content=\"A Ag\u00eancia de Detetive Particular Espi\u00e3o SIP (Servi\u00e7o de Informa\u00e7\u00e3o e Prote\u00e7\u00e3o), esta no mercado a mais de 20 anos liderada pelo Detetive Riva\" \/>\n<meta name=\"robots\" content=\"index, follow, max-snippet:-1, max-image-preview:large, max-video-preview:-1\" \/>\n<link rel=\"canonical\" href=\"https:\/\/www.espiaosip.com.br\/servicos\/sobre\/\" \/>\n<meta property=\"og:locale\" content=\"pt_BR\" \/>\n<meta property=\"og:type\" content=\"article\" \/>\n<meta property=\"og:title\" content=\"Sobre a Ag\u00eancia - Espiao SIP\" \/>\n<meta property=\"og:description\" content=\"A Ag\u00eancia de Detetive Particular Espi\u00e3o SIP (Servi\u00e7o de Informa\u00e7\u00e3o e Prote\u00e7\u00e3o), esta no mercado a mais de 20 anos liderada pelo Detetive Riva\" \/>\n<meta property=\"og:url\" content=\"https:\/\/www.espiaosip.com.br\/servicos\/sobre\/\" \/>\n<meta property=\"og:site_name\" content=\"Espiao SIP\" \/>\n<meta property=\"article:modified_time\" content=\"2021-03-28T15:55:22+00:00\" \/>\n<meta name=\"twitter:card\" content=\"summary_large_image\" \/>\n<meta name=\"twitter:label1\" content=\"Est. tempo de leitura\" \/>\n\t<meta name=\"twitter:data1\" content=\"3 minutos\" \/>\n<script type=\"application\/ld+json\" class=\"yoast-schema-graph\">{\"@context\":\"https:\/\/schema.org\",\"@graph\":[{\"@type\":\"WebPage\",\"@id\":\"https:\/\/www.espiaosip.com.br\/servicos\/sobre\/\",\"url\":\"https:\/\/www.espiaosip.com.br\/servicos\/sobre\/\",\"name\":\"Sobre a Ag\u00eancia - Espiao SIP\",\"isPartOf\":{\"@id\":\"https:\/\/www.espiaosip.com.br\/servicos\/#website\"},\"datePublished\":\"2021-03-24T14:26:33+00:00\",\"dateModified\":\"2021-03-28T15:55:22+00:00\",\"description\":\"A Ag\u00eancia de Detetive Particular Espi\u00e3o SIP (Servi\u00e7o de Informa\u00e7\u00e3o e Prote\u00e7\u00e3o), esta no mercado a mais de 20 anos liderada pelo Detetive Riva\",\"breadcrumb\":{\"@id\":\"https:\/\/www.espiaosip.com.br\/servicos\/sobre\/#breadcrumb\"},\"inLanguage\":\"pt-BR\",\"potentialAction\":[{\"@type\":\"ReadAction\",\"target\":[\"https:\/\/www.espiaosip.com.br\/servicos\/sobre\/\"]}]},{\"@type\":\"BreadcrumbList\",\"@id\":\"https:\/\/www.espiaosip.com.br\/servicos\/sobre\/#breadcrumb\",\"itemListElement\":[{\"@type\":\"ListItem\",\"position\":1,\"name\":\"In\u00edcio\",\"item\":\"https:\/\/www.espiaosip.com.br\/servicos\/\"},{\"@type\":\"ListItem\",\"position\":2,\"name\":\"Sobre\"}]},{\"@type\":\"WebSite\",\"@id\":\"https:\/\/www.espiaosip.com.br\/servicos\/#website\",\"url\":\"https:\/\/www.espiaosip.com.br\/servicos\/\",\"name\":\"Espiao SIP\",\"description\":\"Precisando de um Detetive Particular de Confian\u00e7a? Trabalhamos com sigilo 24 horas por dia. Entrem em contato para mais informa\u00e7\u00f5es.\",\"publisher\":{\"@id\":\"https:\/\/www.espiaosip.com.br\/servicos\/#organization\"},\"potentialAction\":[{\"@type\":\"SearchAction\",\"target\":{\"@type\":\"EntryPoint\",\"urlTemplate\":\"https:\/\/www.espiaosip.com.br\/servicos\/?s={search_term_string}\"},\"query-input\":{\"@type\":\"PropertyValueSpecification\",\"valueRequired\":true,\"valueName\":\"search_term_string\"}}],\"inLanguage\":\"pt-BR\"},{\"@type\":\"Organization\",\"@id\":\"https:\/\/www.espiaosip.com.br\/servicos\/#organization\",\"name\":\"Espiao SIP\",\"url\":\"https:\/\/www.espiaosip.com.br\/servicos\/\",\"logo\":{\"@type\":\"ImageObject\",\"inLanguage\":\"pt-BR\",\"@id\":\"https:\/\/www.espiaosip.com.br\/servicos\/#\/schema\/logo\/image\/\",\"url\":\"https:\/\/www.espiaosip.com.br\/servicos\/wp-content\/uploads\/2021\/03\/cropped-Detetive-Particular-1.png\",\"contentUrl\":\"https:\/\/www.espiaosip.com.br\/servicos\/wp-content\/uploads\/2021\/03\/cropped-Detetive-Particular-1.png\",\"width\":385,\"height\":112,\"caption\":\"Espiao SIP\"},\"image\":{\"@id\":\"https:\/\/www.espiaosip.com.br\/servicos\/#\/schema\/logo\/image\/\"}}]}<\/script>\n<!-- \/ Yoast SEO plugin. -->","yoast_head_json":{"title":"Sobre a Ag\u00eancia - Espiao SIP","description":"A Ag\u00eancia de Detetive Particular Espi\u00e3o SIP (Servi\u00e7o de Informa\u00e7\u00e3o e Prote\u00e7\u00e3o), esta no mercado a mais de 20 anos liderada pelo Detetive Riva","robots":{"index":"index","follow":"follow","max-snippet":"max-snippet:-1","max-image-preview":"max-image-preview:large","max-video-preview":"max-video-preview:-1"},"canonical":"https:\/\/www.espiaosip.com.br\/servicos\/sobre\/","og_locale":"pt_BR","og_type":"article","og_title":"Sobre a Ag\u00eancia - Espiao SIP","og_description":"A Ag\u00eancia de Detetive Particular Espi\u00e3o SIP (Servi\u00e7o de Informa\u00e7\u00e3o e Prote\u00e7\u00e3o), esta no mercado a mais de 20 anos liderada pelo Detetive Riva","og_url":"https:\/\/www.espiaosip.com.br\/servicos\/sobre\/","og_site_name":"Espiao SIP","article_modified_time":"2021-03-28T15:55:22+00:00","twitter_card":"summary_large_image","twitter_misc":{"Est. tempo de leitura":"3 minutos"},"schema":{"@context":"https:\/\/schema.org","@graph":[{"@type":"WebPage","@id":"https:\/\/www.espiaosip.com.br\/servicos\/sobre\/","url":"https:\/\/www.espiaosip.com.br\/servicos\/sobre\/","name":"Sobre a Ag\u00eancia - Espiao SIP","isPartOf":{"@id":"https:\/\/www.espiaosip.com.br\/servicos\/#website"},"datePublished":"2021-03-24T14:26:33+00:00","dateModified":"2021-03-28T15:55:22+00:00","description":"A Ag\u00eancia de Detetive Particular Espi\u00e3o SIP (Servi\u00e7o de Informa\u00e7\u00e3o e Prote\u00e7\u00e3o), esta no mercado a mais de 20 anos liderada pelo Detetive Riva","breadcrumb":{"@id":"https:\/\/www.espiaosip.com.br\/servicos\/sobre\/#breadcrumb"},"inLanguage":"pt-BR","potentialAction":[{"@type":"ReadAction","target":["https:\/\/www.espiaosip.com.br\/servicos\/sobre\/"]}]},{"@type":"BreadcrumbList","@id":"https:\/\/www.espiaosip.com.br\/servicos\/sobre\/#breadcrumb","itemListElement":[{"@type":"ListItem","position":1,"name":"In\u00edcio","item":"https:\/\/www.espiaosip.com.br\/servicos\/"},{"@type":"ListItem","position":2,"name":"Sobre"}]},{"@type":"WebSite","@id":"https:\/\/www.espiaosip.com.br\/servicos\/#website","url":"https:\/\/www.espiaosip.com.br\/servicos\/","name":"Espiao SIP","description":"Precisando de um Detetive Particular de Confian\u00e7a? Trabalhamos com sigilo 24 horas por dia. Entrem em contato para mais informa\u00e7\u00f5es.","publisher":{"@id":"https:\/\/www.espiaosip.com.br\/servicos\/#organization"},"potentialAction":[{"@type":"SearchAction","target":{"@type":"EntryPoint","urlTemplate":"https:\/\/www.espiaosip.com.br\/servicos\/?s={search_term_string}"},"query-input":{"@type":"PropertyValueSpecification","valueRequired":true,"valueName":"search_term_string"}}],"inLanguage":"pt-BR"},{"@type":"Organization","@id":"https:\/\/www.espiaosip.com.br\/servicos\/#organization","name":"Espiao SIP","url":"https:\/\/www.espiaosip.com.br\/servicos\/","logo":{"@type":"ImageObject","inLanguage":"pt-BR","@id":"https:\/\/www.espiaosip.com.br\/servicos\/#\/schema\/logo\/image\/","url":"https:\/\/www.espiaosip.com.br\/servicos\/wp-content\/uploads\/2021\/03\/cropped-Detetive-Particular-1.png","contentUrl":"https:\/\/www.espiaosip.com.br\/servicos\/wp-content\/uploads\/2021\/03\/cropped-Detetive-Particular-1.png","width":385,"height":112,"caption":"Espiao SIP"},"image":{"@id":"https:\/\/www.espiaosip.com.br\/servicos\/#\/schema\/logo\/image\/"}}]}},"_links":{"self":[{"href":"https:\/\/www.espiaosip.com.br\/servicos\/wp-json\/wp\/v2\/pages\/20","targetHints":{"allow":["GET"]}}],"collection":[{"href":"https:\/\/www.espiaosip.com.br\/servicos\/wp-json\/wp\/v2\/pages"}],"about":[{"href":"https:\/\/www.espiaosip.com.br\/servicos\/wp-json\/wp\/v2\/types\/page"}],"author":[{"embeddable":true,"href":"https:\/\/www.espiaosip.com.br\/servicos\/wp-json\/wp\/v2\/users\/1"}],"replies":[{"embeddable":true,"href":"https:\/\/www.espiaosip.com.br\/servicos\/wp-json\/wp\/v2\/comments?post=20"}],"version-history":[{"count":7,"href":"https:\/\/www.espiaosip.com.br\/servicos\/wp-json\/wp\/v2\/pages\/20\/revisions"}],"predecessor-version":[{"id":274,"href":"https:\/\/www.espiaosip.com.br\/servicos\/wp-json\/wp\/v2\/pages\/20\/revisions\/274"}],"wp:attachment":[{"href":"https:\/\/www.espiaosip.com.br\/servicos\/wp-json\/wp\/v2\/media?parent=20"}],"curies":[{"name":"wp","href":"https:\/\/api.w.org\/{rel}","templated":true}]}}