{"id":21,"date":"2021-03-24T11:26:33","date_gmt":"2021-03-24T14:26:33","guid":{"rendered":"https:\/\/www.espiaosip.com.br\/servicos\/?page_id=21"},"modified":"2021-03-29T15:38:07","modified_gmt":"2021-03-29T18:38:07","slug":"contato","status":"publish","type":"page","link":"https:\/\/www.espiaosip.com.br\/servicos\/contato\/","title":{"rendered":"Contato"},"content":{"rendered":"\t\t<div data-elementor-type=\"wp-page\" data-elementor-id=\"21\" class=\"elementor elementor-21\" data-elementor-post-type=\"page\">\n\t\t\t\t\t\t<section class=\"elementor-section elementor-top-section elementor-element elementor-element-5cb441b5 elementor-section-boxed elementor-section-height-default elementor-section-height-default\" data-id=\"5cb441b5\" data-element_type=\"section\">\n\t\t\t\t\t\t<div class=\"elementor-container elementor-column-gap-default\">\n\t\t\t\t\t<div class=\"elementor-column elementor-col-100 elementor-top-column elementor-element elementor-element-a1516dc\" data-id=\"a1516dc\" data-element_type=\"column\">\n\t\t\t<div class=\"elementor-widget-wrap elementor-element-populated\">\n\t\t\t\t\t\t<div class=\"elementor-element elementor-element-7761b15 elementor-widget elementor-widget-heading\" data-id=\"7761b15\" data-element_type=\"widget\" data-widget_type=\"heading.default\">\n\t\t\t\t<div class=\"elementor-widget-container\">\n\t\t\t\t\t<h2 class=\"elementor-heading-title elementor-size-xl\">CONTATO<\/h2>\t\t\t\t<\/div>\n\t\t\t\t<\/div>\n\t\t\t\t<div class=\"elementor-element elementor-element-7c87955 elementor-widget elementor-widget-text-editor\" data-id=\"7c87955\" data-element_type=\"widget\" data-widget_type=\"text-editor.default\">\n\t\t\t\t<div class=\"elementor-widget-container\">\n\t\t\t\t\t\t\t\t\t<p style=\"text-align: center;\">Or\u00e7amentos, d\u00favidas, cr\u00edticas e sugest\u00f5es entre em contato conosco pelo WhatsApp ou pelo formul\u00e1rio que retornaremos em breve!<\/p>\t\t\t\t\t\t\t\t<\/div>\n\t\t\t\t<\/div>\n\t\t\t\t<div class=\"elementor-section elementor-inner-section elementor-element elementor-element-fee991e elementor-section-boxed elementor-section-height-default elementor-section-height-default\" data-id=\"fee991e\" data-element_type=\"section\">\n\t\t\t\t\t\t<div class=\"elementor-container elementor-column-gap-default\">\n\t\t\t\t\t<div class=\"elementor-column elementor-col-50 elementor-inner-column elementor-element elementor-element-d8d2c8b\" data-id=\"d8d2c8b\" data-element_type=\"column\">\n\t\t\t<div class=\"elementor-widget-wrap elementor-element-populated\">\n\t\t\t\t\t\t<div class=\"elementor-element elementor-element-0bab72b elementor-align-right elementor-mobile-align-center elementor-widget elementor-widget-button\" data-id=\"0bab72b\" data-element_type=\"widget\" data-widget_type=\"button.default\">\n\t\t\t\t<div class=\"elementor-widget-container\">\n\t\t\t\t\t\t\t\t\t<div class=\"elementor-button-wrapper\">\n\t\t\t\t\t<a class=\"elementor-button elementor-button-link elementor-size-sm\" href=\"https:\/\/api.whatsapp.com\/send?phone=5511986681508&#038;text=Ol%C3%A1%2C%20vim%20do%20Site%20Espi%C3%A3o%20SIP%20e%20gostaria%20de%20mais%20informa%C3%A7%C3%B5es!\" target=\"_blank\">\n\t\t\t\t\t\t<span class=\"elementor-button-content-wrapper\">\n\t\t\t\t\t\t<span class=\"elementor-button-icon\">\n\t\t\t\t<i aria-hidden=\"true\" class=\"fab fa-whatsapp\"><\/i>\t\t\t<\/span>\n\t\t\t\t\t\t\t\t\t<span class=\"elementor-button-text\">011 98668-1508<\/span>\n\t\t\t\t\t<\/span>\n\t\t\t\t\t<\/a>\n\t\t\t\t<\/div>\n\t\t\t\t\t\t\t\t<\/div>\n\t\t\t\t<\/div>\n\t\t\t\t\t<\/div>\n\t\t<\/div>\n\t\t\t\t<div class=\"elementor-column elementor-col-50 elementor-inner-column elementor-element elementor-element-8e9d735\" data-id=\"8e9d735\" data-element_type=\"column\">\n\t\t\t<div class=\"elementor-widget-wrap elementor-element-populated\">\n\t\t\t\t\t\t<div class=\"elementor-element elementor-element-c1e3ea8 elementor-align-left elementor-mobile-align-center elementor-widget elementor-widget-button\" data-id=\"c1e3ea8\" data-element_type=\"widget\" data-widget_type=\"button.default\">\n\t\t\t\t<div class=\"elementor-widget-container\">\n\t\t\t\t\t\t\t\t\t<div class=\"elementor-button-wrapper\">\n\t\t\t\t\t<a class=\"elementor-button elementor-button-link elementor-size-sm\" href=\"https:\/\/api.whatsapp.com\/send?phone=5517982318282&#038;text=Ol%C3%A1%2C%20vim%20do%20Site%20Espi%C3%A3o%20SIP%20e%20gostaria%20de%20mais%20informa%C3%A7%C3%B5es!\" target=\"_blank\">\n\t\t\t\t\t\t<span class=\"elementor-button-content-wrapper\">\n\t\t\t\t\t\t<span class=\"elementor-button-icon\">\n\t\t\t\t<i aria-hidden=\"true\" class=\"fab fa-whatsapp\"><\/i>\t\t\t<\/span>\n\t\t\t\t\t\t\t\t\t<span class=\"elementor-button-text\">017 98231-8282<\/span>\n\t\t\t\t\t<\/span>\n\t\t\t\t\t<\/a>\n\t\t\t\t<\/div>\n\t\t\t\t\t\t\t\t<\/div>\n\t\t\t\t<\/div>\n\t\t\t\t\t<\/div>\n\t\t<\/div>\n\t\t\t\t\t<\/div>\n\t\t<\/div>\n\t\t\t\t<div class=\"elementor-element elementor-element-edc4c24 elementor-button-align-stretch elementor-widget elementor-widget-form\" data-id=\"edc4c24\" data-element_type=\"widget\" data-settings=\"{&quot;step_next_label&quot;:&quot;Next&quot;,&quot;step_previous_label&quot;:&quot;Previous&quot;,&quot;button_width&quot;:&quot;100&quot;,&quot;step_type&quot;:&quot;number_text&quot;,&quot;step_icon_shape&quot;:&quot;circle&quot;}\" data-widget_type=\"form.default\">\n\t\t\t\t<div class=\"elementor-widget-container\">\n\t\t\t\t\t\t\t<form class=\"elementor-form\" method=\"post\" name=\"Formul\u00e1rio Page Contato\">\n\t\t\t<input type=\"hidden\" name=\"post_id\" value=\"21\"\/>\n\t\t\t<input type=\"hidden\" name=\"form_id\" value=\"edc4c24\"\/>\n\t\t\t<input type=\"hidden\" name=\"referer_title\" value=\"Espiao SIP\" \/>\n\n\t\t\t\n\t\t\t<div class=\"elementor-form-fields-wrapper elementor-labels-above\">\n\t\t\t\t\t\t\t\t<div class=\"elementor-field-type-text elementor-field-group elementor-column elementor-field-group-name elementor-col-100 elementor-field-required\">\n\t\t\t\t\t\t\t\t\t\t\t\t\t<input size=\"1\" type=\"text\" name=\"form_fields[name]\" id=\"form-field-name\" class=\"elementor-field elementor-size-sm  elementor-field-textual\" placeholder=\"Nome\" required=\"required\" aria-required=\"true\">\n\t\t\t\t\t\t\t\t\t\t\t<\/div>\n\t\t\t\t\t\t\t\t<div class=\"elementor-field-type-email elementor-field-group elementor-column elementor-field-group-email elementor-col-100 elementor-field-required\">\n\t\t\t\t\t\t\t\t\t\t\t\t\t<input size=\"1\" type=\"email\" name=\"form_fields[email]\" id=\"form-field-email\" class=\"elementor-field elementor-size-sm  elementor-field-textual\" placeholder=\"E-mail\" required=\"required\" aria-required=\"true\">\n\t\t\t\t\t\t\t\t\t\t\t<\/div>\n\t\t\t\t\t\t\t\t<div class=\"elementor-field-type-tel elementor-field-group elementor-column elementor-field-group-field_dd7cd07 elementor-col-100 elementor-field-required\">\n\t\t\t\t\t\t\t<input size=\"1\" type=\"tel\" name=\"form_fields[field_dd7cd07]\" id=\"form-field-field_dd7cd07\" class=\"elementor-field elementor-size-sm  elementor-field-textual\" placeholder=\"Telefone\" required=\"required\" aria-required=\"true\" pattern=\"[0-9()#&amp;+*-=.]+\" title=\"Only numbers and phone characters (#, -, *, etc) are accepted.\">\n\n\t\t\t\t\t\t<\/div>\n\t\t\t\t\t\t\t\t<div class=\"elementor-field-type-text elementor-field-group elementor-column elementor-field-group-field_2c075e8 elementor-col-100 elementor-field-required\">\n\t\t\t\t\t\t\t\t\t\t\t\t\t<input size=\"1\" type=\"text\" name=\"form_fields[field_2c075e8]\" id=\"form-field-field_2c075e8\" class=\"elementor-field elementor-size-sm  elementor-field-textual\" placeholder=\"Cidade\" required=\"required\" aria-required=\"true\">\n\t\t\t\t\t\t\t\t\t\t\t<\/div>\n\t\t\t\t\t\t\t\t<div class=\"elementor-field-type-textarea elementor-field-group elementor-column elementor-field-group-field_b7a698f elementor-col-100 elementor-field-required\">\n\t\t\t\t\t<textarea class=\"elementor-field-textual elementor-field  elementor-size-sm\" name=\"form_fields[field_b7a698f]\" id=\"form-field-field_b7a698f\" rows=\"4\" placeholder=\"Mensagem\" required=\"required\" aria-required=\"true\"><\/textarea>\t\t\t\t<\/div>\n\t\t\t\t\t\t\t\t<div class=\"elementor-field-group elementor-column elementor-field-type-submit elementor-col-100 e-form__buttons\">\n\t\t\t\t\t<button class=\"elementor-button elementor-size-sm\" type=\"submit\">\n\t\t\t\t\t\t<span class=\"elementor-button-content-wrapper\">\n\t\t\t\t\t\t\t\t\t\t\t\t\t\t\t\t\t\t\t\t\t\t<span class=\"elementor-button-text\">Enviar<\/span>\n\t\t\t\t\t\t\t\t\t\t\t\t\t<\/span>\n\t\t\t\t\t<\/button>\n\t\t\t\t<\/div>\n\t\t\t<\/div>\n\t\t<\/form>\n\t\t\t\t\t\t<\/div>\n\t\t\t\t<\/div>\n\t\t\t\t\t<\/div>\n\t\t<\/div>\n\t\t\t\t\t<\/div>\n\t\t<\/section>\n\t\t\t\t<\/div>\n\t\t","protected":false},"excerpt":{"rendered":"<p>CONTATO Or\u00e7amentos, d\u00favidas, cr\u00edticas e sugest\u00f5es entre em contato conosco pelo WhatsApp ou pelo formul\u00e1rio que retornaremos em breve! 011 98668-1508 017 98231-8282<\/p>\n","protected":false},"author":1,"featured_media":0,"parent":0,"menu_order":0,"comment_status":"closed","ping_status":"closed","template":"elementor_header_footer","meta":{"footnotes":""},"class_list":["post-21","page","type-page","status-publish"],"yoast_head":"<!-- This site is optimized with the Yoast SEO plugin v26.9 - https:\/\/yoast.com\/product\/yoast-seo-wordpress\/ -->\n<title>Contato - Espiao SIP<\/title>\n<meta name=\"robots\" content=\"index, follow, max-snippet:-1, max-image-preview:large, max-video-preview:-1\" \/>\n<link rel=\"canonical\" href=\"https:\/\/www.espiaosip.com.br\/servicos\/contato\/\" \/>\n<meta property=\"og:locale\" content=\"pt_BR\" \/>\n<meta property=\"og:type\" content=\"article\" \/>\n<meta property=\"og:title\" content=\"Contato - Espiao SIP\" \/>\n<meta property=\"og:description\" content=\"CONTATO Or\u00e7amentos, d\u00favidas, cr\u00edticas e sugest\u00f5es entre em contato conosco pelo WhatsApp ou pelo formul\u00e1rio que retornaremos em breve! 011 98668-1508 017 98231-8282\" \/>\n<meta property=\"og:url\" content=\"https:\/\/www.espiaosip.com.br\/servicos\/contato\/\" \/>\n<meta property=\"og:site_name\" content=\"Espiao SIP\" \/>\n<meta property=\"article:modified_time\" content=\"2021-03-29T18:38:07+00:00\" \/>\n<meta name=\"twitter:card\" content=\"summary_large_image\" \/>\n<meta name=\"twitter:label1\" content=\"Est. tempo de leitura\" \/>\n\t<meta name=\"twitter:data1\" content=\"1 minuto\" \/>\n<script type=\"application\/ld+json\" class=\"yoast-schema-graph\">{\"@context\":\"https:\/\/schema.org\",\"@graph\":[{\"@type\":\"WebPage\",\"@id\":\"https:\/\/www.espiaosip.com.br\/servicos\/contato\/\",\"url\":\"https:\/\/www.espiaosip.com.br\/servicos\/contato\/\",\"name\":\"Contato - Espiao SIP\",\"isPartOf\":{\"@id\":\"https:\/\/www.espiaosip.com.br\/servicos\/#website\"},\"datePublished\":\"2021-03-24T14:26:33+00:00\",\"dateModified\":\"2021-03-29T18:38:07+00:00\",\"breadcrumb\":{\"@id\":\"https:\/\/www.espiaosip.com.br\/servicos\/contato\/#breadcrumb\"},\"inLanguage\":\"pt-BR\",\"potentialAction\":[{\"@type\":\"ReadAction\",\"target\":[\"https:\/\/www.espiaosip.com.br\/servicos\/contato\/\"]}]},{\"@type\":\"BreadcrumbList\",\"@id\":\"https:\/\/www.espiaosip.com.br\/servicos\/contato\/#breadcrumb\",\"itemListElement\":[{\"@type\":\"ListItem\",\"position\":1,\"name\":\"In\u00edcio\",\"item\":\"https:\/\/www.espiaosip.com.br\/servicos\/\"},{\"@type\":\"ListItem\",\"position\":2,\"name\":\"Contato\"}]},{\"@type\":\"WebSite\",\"@id\":\"https:\/\/www.espiaosip.com.br\/servicos\/#website\",\"url\":\"https:\/\/www.espiaosip.com.br\/servicos\/\",\"name\":\"Espiao SIP\",\"description\":\"Precisando de um Detetive Particular de Confian\u00e7a? Trabalhamos com sigilo 24 horas por dia. Entrem em contato para mais informa\u00e7\u00f5es.\",\"publisher\":{\"@id\":\"https:\/\/www.espiaosip.com.br\/servicos\/#organization\"},\"potentialAction\":[{\"@type\":\"SearchAction\",\"target\":{\"@type\":\"EntryPoint\",\"urlTemplate\":\"https:\/\/www.espiaosip.com.br\/servicos\/?s={search_term_string}\"},\"query-input\":{\"@type\":\"PropertyValueSpecification\",\"valueRequired\":true,\"valueName\":\"search_term_string\"}}],\"inLanguage\":\"pt-BR\"},{\"@type\":\"Organization\",\"@id\":\"https:\/\/www.espiaosip.com.br\/servicos\/#organization\",\"name\":\"Espiao SIP\",\"url\":\"https:\/\/www.espiaosip.com.br\/servicos\/\",\"logo\":{\"@type\":\"ImageObject\",\"inLanguage\":\"pt-BR\",\"@id\":\"https:\/\/www.espiaosip.com.br\/servicos\/#\/schema\/logo\/image\/\",\"url\":\"https:\/\/www.espiaosip.com.br\/servicos\/wp-content\/uploads\/2021\/03\/cropped-Detetive-Particular-1.png\",\"contentUrl\":\"https:\/\/www.espiaosip.com.br\/servicos\/wp-content\/uploads\/2021\/03\/cropped-Detetive-Particular-1.png\",\"width\":385,\"height\":112,\"caption\":\"Espiao SIP\"},\"image\":{\"@id\":\"https:\/\/www.espiaosip.com.br\/servicos\/#\/schema\/logo\/image\/\"}}]}<\/script>\n<!-- \/ Yoast SEO plugin. -->","yoast_head_json":{"title":"Contato - Espiao SIP","robots":{"index":"index","follow":"follow","max-snippet":"max-snippet:-1","max-image-preview":"max-image-preview:large","max-video-preview":"max-video-preview:-1"},"canonical":"https:\/\/www.espiaosip.com.br\/servicos\/contato\/","og_locale":"pt_BR","og_type":"article","og_title":"Contato - Espiao SIP","og_description":"CONTATO Or\u00e7amentos, d\u00favidas, cr\u00edticas e sugest\u00f5es entre em contato conosco pelo WhatsApp ou pelo formul\u00e1rio que retornaremos em breve! 011 98668-1508 017 98231-8282","og_url":"https:\/\/www.espiaosip.com.br\/servicos\/contato\/","og_site_name":"Espiao SIP","article_modified_time":"2021-03-29T18:38:07+00:00","twitter_card":"summary_large_image","twitter_misc":{"Est. tempo de leitura":"1 minuto"},"schema":{"@context":"https:\/\/schema.org","@graph":[{"@type":"WebPage","@id":"https:\/\/www.espiaosip.com.br\/servicos\/contato\/","url":"https:\/\/www.espiaosip.com.br\/servicos\/contato\/","name":"Contato - Espiao SIP","isPartOf":{"@id":"https:\/\/www.espiaosip.com.br\/servicos\/#website"},"datePublished":"2021-03-24T14:26:33+00:00","dateModified":"2021-03-29T18:38:07+00:00","breadcrumb":{"@id":"https:\/\/www.espiaosip.com.br\/servicos\/contato\/#breadcrumb"},"inLanguage":"pt-BR","potentialAction":[{"@type":"ReadAction","target":["https:\/\/www.espiaosip.com.br\/servicos\/contato\/"]}]},{"@type":"BreadcrumbList","@id":"https:\/\/www.espiaosip.com.br\/servicos\/contato\/#breadcrumb","itemListElement":[{"@type":"ListItem","position":1,"name":"In\u00edcio","item":"https:\/\/www.espiaosip.com.br\/servicos\/"},{"@type":"ListItem","position":2,"name":"Contato"}]},{"@type":"WebSite","@id":"https:\/\/www.espiaosip.com.br\/servicos\/#website","url":"https:\/\/www.espiaosip.com.br\/servicos\/","name":"Espiao SIP","description":"Precisando de um Detetive Particular de Confian\u00e7a? Trabalhamos com sigilo 24 horas por dia. Entrem em contato para mais informa\u00e7\u00f5es.","publisher":{"@id":"https:\/\/www.espiaosip.com.br\/servicos\/#organization"},"potentialAction":[{"@type":"SearchAction","target":{"@type":"EntryPoint","urlTemplate":"https:\/\/www.espiaosip.com.br\/servicos\/?s={search_term_string}"},"query-input":{"@type":"PropertyValueSpecification","valueRequired":true,"valueName":"search_term_string"}}],"inLanguage":"pt-BR"},{"@type":"Organization","@id":"https:\/\/www.espiaosip.com.br\/servicos\/#organization","name":"Espiao SIP","url":"https:\/\/www.espiaosip.com.br\/servicos\/","logo":{"@type":"ImageObject","inLanguage":"pt-BR","@id":"https:\/\/www.espiaosip.com.br\/servicos\/#\/schema\/logo\/image\/","url":"https:\/\/www.espiaosip.com.br\/servicos\/wp-content\/uploads\/2021\/03\/cropped-Detetive-Particular-1.png","contentUrl":"https:\/\/www.espiaosip.com.br\/servicos\/wp-content\/uploads\/2021\/03\/cropped-Detetive-Particular-1.png","width":385,"height":112,"caption":"Espiao SIP"},"image":{"@id":"https:\/\/www.espiaosip.com.br\/servicos\/#\/schema\/logo\/image\/"}}]}},"_links":{"self":[{"href":"https:\/\/www.espiaosip.com.br\/servicos\/wp-json\/wp\/v2\/pages\/21","targetHints":{"allow":["GET"]}}],"collection":[{"href":"https:\/\/www.espiaosip.com.br\/servicos\/wp-json\/wp\/v2\/pages"}],"about":[{"href":"https:\/\/www.espiaosip.com.br\/servicos\/wp-json\/wp\/v2\/types\/page"}],"author":[{"embeddable":true,"href":"https:\/\/www.espiaosip.com.br\/servicos\/wp-json\/wp\/v2\/users\/1"}],"replies":[{"embeddable":true,"href":"https:\/\/www.espiaosip.com.br\/servicos\/wp-json\/wp\/v2\/comments?post=21"}],"version-history":[{"count":25,"href":"https:\/\/www.espiaosip.com.br\/servicos\/wp-json\/wp\/v2\/pages\/21\/revisions"}],"predecessor-version":[{"id":384,"href":"https:\/\/www.espiaosip.com.br\/servicos\/wp-json\/wp\/v2\/pages\/21\/revisions\/384"}],"wp:attachment":[{"href":"https:\/\/www.espiaosip.com.br\/servicos\/wp-json\/wp\/v2\/media?parent=21"}],"curies":[{"name":"wp","href":"https:\/\/api.w.org\/{rel}","templated":true}]}}