{"id":4878,"date":"2017-10-20T18:54:51","date_gmt":"2017-10-20T20:54:51","guid":{"rendered":"https:\/\/www.espiaosip.com.br\/servicos\/detetive-particular-em-santa-maria-da-vitoria-ba\/"},"modified":"2017-10-20T18:54:51","modified_gmt":"2017-10-20T20:54:51","slug":"detetive-particular-em-santa-maria-da-vitoria-ba","status":"publish","type":"page","link":"https:\/\/www.espiaosip.com.br\/servicos\/detetive-particular-em-santa-maria-da-vitoria-ba\/","title":{"rendered":"Detetive Particular em Santa Maria da Vitoria BA"},"content":{"rendered":"\t\t<div data-elementor-type=\"wp-post\" data-elementor-id=\"4878\" class=\"elementor elementor-4878\" data-elementor-post-type=\"page\">\n\t\t\t\t\t\t<section class=\"elementor-section elementor-top-section elementor-element elementor-element-af53218 elementor-section-boxed elementor-section-height-default elementor-section-height-default\" data-id=\"af53218\" data-element_type=\"section\">\n\t\t\t\t\t\t<div class=\"elementor-container elementor-column-gap-default\">\n\t\t\t\t\t<div class=\"elementor-column elementor-col-100 elementor-top-column elementor-element elementor-element-466baad\" data-id=\"466baad\" data-element_type=\"column\">\n\t\t\t<div class=\"elementor-widget-wrap elementor-element-populated\">\n\t\t\t\t\t\t<div class=\"elementor-element elementor-element-b543e5c elementor-icon-list--layout-inline elementor-align-center elementor-list-item-link-full_width elementor-widget elementor-widget-icon-list\" data-id=\"b543e5c\" data-element_type=\"widget\" data-widget_type=\"icon-list.default\">\n\t\t\t\t<div class=\"elementor-widget-container\">\n\t\t\t\t\t\t\t<ul class=\"elementor-icon-list-items elementor-inline-items\">\n\t\t\t\t\t\t\t<li class=\"elementor-icon-list-item elementor-inline-item\">\n\t\t\t\t\t\t\t\t\t\t\t<span class=\"elementor-icon-list-icon\">\n\t\t\t\t\t\t\t<i aria-hidden=\"true\" class=\"fab fa-whatsapp\"><\/i>\t\t\t\t\t\t<\/span>\n\t\t\t\t\t\t\t\t\t\t<span class=\"elementor-icon-list-text\">011 98668-1508<\/span>\n\t\t\t\t\t\t\t\t\t<\/li>\n\t\t\t\t\t\t<\/ul>\n\t\t\t\t\t\t<\/div>\n\t\t\t\t<\/div>\n\t\t\t\t\t<\/div>\n\t\t<\/div>\n\t\t\t\t\t<\/div>\n\t\t<\/section>\n\t\t\t\t<section class=\"elementor-section elementor-top-section elementor-element elementor-element-b6bd283 elementor-section-boxed elementor-section-height-default elementor-section-height-default\" data-id=\"b6bd283\" data-element_type=\"section\" data-settings=\"{&quot;background_background&quot;:&quot;classic&quot;}\">\n\t\t\t\t\t\t<div class=\"elementor-container elementor-column-gap-default\">\n\t\t\t\t\t<div class=\"elementor-column elementor-col-100 elementor-top-column elementor-element elementor-element-fccdb08\" data-id=\"fccdb08\" data-element_type=\"column\">\n\t\t\t<div class=\"elementor-widget-wrap elementor-element-populated\">\n\t\t\t\t\t\t<div class=\"elementor-element elementor-element-0befa78 elementor-widget elementor-widget-heading\" data-id=\"0befa78\" data-element_type=\"widget\" data-widget_type=\"heading.default\">\n\t\t\t\t<div class=\"elementor-widget-container\">\n\t\t\t\t\t<span class=\"elementor-heading-title elementor-size-xl\">Em Santa Maria da Vitoria BA, Contrate uma Ag\u00eancia de Detetives com Experi\u00eancia e Sigilo Absoluto<\/span>\t\t\t\t<\/div>\n\t\t\t\t<\/div>\n\t\t\t\t<div class=\"elementor-element elementor-element-6f9ccdf elementor-widget elementor-widget-heading\" data-id=\"6f9ccdf\" data-element_type=\"widget\" data-widget_type=\"heading.default\">\n\t\t\t\t<div class=\"elementor-widget-container\">\n\t\t\t\t\t<span class=\"elementor-heading-title elementor-size-large\">Entenda como funciona uma servi\u00e7o de Investiga\u00e7\u00e3o e solicite j\u00e1 um Or\u00e7amento sem Compromisso<\/span>\t\t\t\t<\/div>\n\t\t\t\t<\/div>\n\t\t\t\t\t<\/div>\n\t\t<\/div>\n\t\t\t\t\t<\/div>\n\t\t<\/section>\n\t\t\t\t<section class=\"elementor-section elementor-top-section elementor-element elementor-element-65d59a48 elementor-section-boxed elementor-section-height-default elementor-section-height-default\" data-id=\"65d59a48\" data-element_type=\"section\">\n\t\t\t\t\t\t<div class=\"elementor-container elementor-column-gap-default\">\n\t\t\t\t\t<div class=\"elementor-column elementor-col-100 elementor-top-column elementor-element elementor-element-3bd3aaa3\" data-id=\"3bd3aaa3\" data-element_type=\"column\">\n\t\t\t<div class=\"elementor-widget-wrap elementor-element-populated\">\n\t\t\t\t\t\t<div class=\"elementor-element elementor-element-80d2dc4 elementor-widget elementor-widget-text-editor\" data-id=\"80d2dc4\" data-element_type=\"widget\" data-widget_type=\"text-editor.default\">\n\t\t\t\t<div class=\"elementor-widget-container\">\n\t\t\t\t\t\t\t\t\t<p style=\"text-align: left;\"><span style=\"font-family: arial, helvetica, sans-serif;\">Hoje em dia a busca por <b>Detetive Particular em Santa Maria da Vitoria BA <\/b>na internet ficou cada vez mais intensa devido a grade necessidade da popula\u00e7\u00e3o solucionar casos investigativos que devem ser feitas por profissionais da \u00e1rea que cont\u00e9m experi\u00eancia e compet\u00eancia, por\u00e9m nem todos enxerga dessa forma e acha a contrata\u00e7\u00e3o de um <em>detetive particular em Santa Maria da Vitoria BA<\/em> um tanto quanto desnecess\u00e1ria, ent\u00e3o continue lendo este texto para entender melhor o trabalho de um detetive e veja quais os benef\u00edcios ao contratar esse tipo de profissional.<\/span><\/p><h2 style=\"text-align: left;\"><span style=\"font-family: arial, helvetica, sans-serif;\">Quem \u00e9 o Detetive Particular em Santa Maria da Vitoria BA?<\/span><\/h2><p style=\"text-align: left;\">Detetive particular, investigador privado, detetive privado s\u00e3o alguns dos muitos nomes usados para este tipo de profissional, o mesmo \u00e9 capaz e habilitado a operar equipamentos de ultima gera\u00e7\u00e3o e altamente preparado para resolu\u00e7\u00e3o de casos onde\u00a0 haja a necessidade de um profissional de investiga\u00e7\u00e3o.<\/p><p style=\"text-align: left;\">O detetive particular pode atuar em v\u00e1rios tipos de casos, os mais conhecidos e comuns s\u00e3o os seguintes:<\/p><ul><li style=\"text-align: left;\">Detetive Particular em Santa Maria da Vitoria BA para Investiga\u00e7\u00e3o Conjugal<\/li><li style=\"text-align: left;\">Detetive Particular para Localiza\u00e7\u00e3o<\/li><\/ul><p class=\"T-HGFBP\" style=\"text-align: left;\">A Investiga\u00e7\u00e3o Conjugal \u00e9 quando existe a necessidade de um detetive particular investigar o companheiro (a), como maridos, esposas, noivos, namorados em geral, s\u00e3o quando o parceiro (a) contrata o profissional para a constata\u00e7\u00e3o de rotina e atos comprometedores do outro, este tipo de situa\u00e7\u00e3o come\u00e7a com as desconfian\u00e7as, atitudes que levam ao companheiro (a) a desconfiar do seu parceiro (a), as mais comuns s\u00e3o: senha no celular e computador, esconder o telefone e falar baixo no mesmo, muitas sa\u00eddas repentinas sem aviso algum, desaparecimentos em per\u00edodos do dia, visitas frequentes a casa de amigos (as), esses s\u00e3o alguns dos muitos motivos que fazem com que um poss\u00edvel cliente de um <i>detetive particular em Santa Maria da Vitoria BA<\/i> tenha a inten\u00e7\u00e3o de contratar um profissional desses para uma investiga\u00e7\u00e3o conjugal, e este assunto \u00e9 o mais buscado nas ag\u00eancias, a trai\u00e7\u00e3o conjugal \u00e9 a investiga\u00e7\u00e3o mais procurada, e n\u00e3o pense que somente pessoas casadas procuram por este tipo de investiga\u00e7\u00e3o, noivos, namorados e at\u00e9 mesmo pessoas solteiras buscam aux\u00edlio atrav\u00e9s de uma investiga\u00e7\u00e3o conjugal para a resolu\u00e7\u00e3o de um problema que muitas vezes parece que n\u00e3o tem sa\u00edda.<\/p><p><img fetchpriority=\"high\" decoding=\"async\" class=\"aligncenter wp-image-284 size-full\" src=\"https:\/\/www.espiaosip.com.br\/servicos\/wp-content\/uploads\/2021\/03\/Detetive-Particularr.png\" alt=\"Detetive Particular em Santa Maria da Vitoria BA\" width=\"1024\" height=\"538\" srcset=\"https:\/\/www.espiaosip.com.br\/servicos\/wp-content\/uploads\/2021\/03\/Detetive-Particularr.png 1024w, https:\/\/www.espiaosip.com.br\/servicos\/wp-content\/uploads\/2021\/03\/Detetive-Particularr-300x158.png 300w, https:\/\/www.espiaosip.com.br\/servicos\/wp-content\/uploads\/2021\/03\/Detetive-Particularr-768x404.png 768w\" sizes=\"(max-width: 1024px) 100vw, 1024px\" \/><\/p><p style=\"text-align: left;\">A Localiza\u00e7\u00e3o pode ser de qualquer coisa, por\u00e9m a mais comum \u00e9 a de pessoas, um bom detetive esta hapto a localizar pessoas, bens, m\u00f3veis e im\u00f3veis, documentos, animais e at\u00e9 mesmo objetos perdidos, furtados e etc. O mesmo se utiliza de um bom trabalho de campo, equipamentos de \u00faltima gera\u00e7\u00e3o, levantamentos de informa\u00e7\u00f5es em banco de dados restritos e etc. Para executar um trabalho como este, um <cite>detetive particular<\/cite> \u00e9 capaz de localizar qualquer coisa em qualquer lugar, um parente desconhecido ou distante que se perdeu o contato, um devedor, estelionat\u00e1rio, um objeto furtado tipo celular, um animal de estima\u00e7\u00e3o e etc.<\/p><p style=\"text-align: left;\">Entre casos citados a cima existem outros trabalhos bem comuns de serem procurados e solicitados por um poss\u00edvel cliente que s\u00e3o:<\/p><ol><li style=\"text-align: left;\">Detetive particular em Santa Maria da Vitoria BA para Investiga\u00e7\u00e3o Empresarial, que \u00e9 a investiga\u00e7\u00e3o de s\u00f3cios e funcion\u00e1rios de uma empresa, que podem estar roubando ou prejudicando a institui\u00e7\u00e3o de alguma forma;<\/li><li style=\"text-align: left;\">A Investiga\u00e7\u00e3o Pol\u00edtica que nada mais \u00e9 a investiga\u00e7\u00e3o de compra e venda de votos de candidatos em per\u00edodo eleitoral;<\/li><li style=\"text-align: left;\">A Investiga\u00e7\u00e3o Familiar, que \u00e9 a verifica\u00e7\u00e3o de rotina e conduta dos filhos, ver com quem anda, com quem conversa, se esta se envolvendo com pessoas perigosas ou de m\u00e1 \u00edndole, uso ou abuso de drogas em geral, entorpecentes e bebidas.<\/li><\/ol><blockquote><p>Um bom detetive particular em Santa Maria da Vitoria BA \u00e9 o respons\u00e1vel por resolver esses e muitos outros tipo de caso, nem sempre o final \u00e9 o desejado pelo cliente, nem sempre se trata de um final feliz, por\u00e9m a verdade precisa sempre prevalecer, e \u00e9 o detetive particular o respons\u00e1vel por levar esta informa\u00e7\u00e3o ao cliente.<\/p><\/blockquote><h3 style=\"text-align: left;\">Onde posso encontrar um bom Detetive Particular em Santa Maria da Vitoria BA?<\/h3><p style=\"text-align: left;\">Hoje em dia basta usar\u00a0 alguma ferramenta de buscas da internet para se achar os mais diversos tipos de profissionais no mercado, e \u00e9 ai que vem duas boas recomenda\u00e7\u00f5es, o cuidado e aten\u00e7\u00e3o com a contrata\u00e7\u00e3o de qualquer &#8220;profissional&#8221;. Nem todos os profissionais que ir\u00e1 encontrar ser\u00e3o capacitados a executar uma investiga\u00e7\u00e3o particular de forma adequada, por tanto a quest\u00e3o do cuidado e a aten\u00e7\u00e3o s\u00e3o muito, muito importantes.<\/p><p style=\"text-align: left;\">Alguns cuidados precisam ser tomados ao fazer uma contrata\u00e7\u00e3o como esta, verificar se o profissional\u00a0 tem uma boa reputa\u00e7\u00e3o, verificar se trata-se de uma empresa, verificar documenta\u00e7\u00e3o, CNPJ e etc, esses s\u00e3o alguns dos muitos cuidados a serem tomados ao contratar um bom <strong>detetive particular<\/strong>, o Brasil \u00e9 um dos mercados que mais cresce, por tanto muitos e muitos profissionais de todos os tipos ser\u00e3o encontrados, bons e ruins, desta forma precisa-se filtrar o m\u00e1ximo poss\u00edvel para se achar o que realmente procura, profissionais de compet\u00eancia e experi\u00eancia comprovada como os Detetives da Espi\u00e3o SIP.<\/p><h3 style=\"text-align: left;\">Pontos fortes de um bom Detetive Particular<\/h3><p style=\"text-align: left;\">O tempo de experi\u00eancia na \u00e1rea \u00e9 um dos quesitos mais valiosos na carreira de um Detetive Particular em Santa Maria da Vitoria BA, sempre procure profissionais que tenha muitos anos de profiss\u00e3o para ter a certeza que ter\u00e1 um \u00f3timo resultado. Voc\u00ea sabia que <a href=\"https:\/\/www.espiaosip.com.br\/servicos\/\">detetive<\/a> necessita de certifica\u00e7\u00e3o? Verifique sempre se o mesmo possui documenta\u00e7\u00e3o que comprova sua atividade e tamb\u00e9m se a empresa\/ag\u00eancia que ele trabalha tem documenta\u00e7\u00e3o que comprova abertura, exist\u00eancia e hist\u00f3rico.<\/p><p>Procure saber tamb\u00e9m a reputa\u00e7\u00e3o da ag\u00eancia que esta contratando e tamb\u00e9m verifique o tempo em m\u00e9dia que o profissional costuma solucionar seus casos, uma pesquisa minuciosa \u00e9 de extrema import\u00e2ncia para acertar na contrata\u00e7\u00e3o de um \u00f3timo detetive para o seu caso.<\/p><h3 style=\"text-align: left;\">Quanto custa um Detetive Particular?<\/h3><p style=\"text-align: left;\">Os valores variam bastante de profissional para profissional, desconfie de pre\u00e7os muito abaixo da tabela praticada, entenda que um detetive com um valor muito baixo em m\u00e3os jamais teria plenas condi\u00e7\u00f5es de executar o trabalho, usar de ferramentas importantes e etc.<\/p><p style=\"text-align: left;\">Valores abaixo da tabela n\u00e3o s\u00e3o favor\u00e1veis, por\u00e9m valores muito acima dos praticados tamb\u00e9m n\u00e3o s\u00e3o indicados, o fato de se cobrar caro n\u00e3o significa que o trabalho ter\u00e1 qualidade, nada que seja absurdo, ou fora da realidade, os valores para a contrata\u00e7\u00e3o de um <a href=\"https:\/\/pt.wikipedia.org\/wiki\/Detetive\" target=\"_blank\" rel=\"noopener\">detetive particular<\/a> v\u00e3o de encontro com o servi\u00e7o prestado, afinal sua tranquilidade n\u00e3o tem pre\u00e7o! Quanto vale o seu problema, qual o pre\u00e7o da sua felicidade? A contrata\u00e7\u00e3o de um bom detetive particular vai te posicionar muito bem quanto a isso.<\/p>\t\t\t\t\t\t\t\t<\/div>\n\t\t\t\t<\/div>\n\t\t\t\t\t<\/div>\n\t\t<\/div>\n\t\t\t\t\t<\/div>\n\t\t<\/section>\n\t\t\t\t<section class=\"elementor-section elementor-top-section elementor-element elementor-element-2ab9bc46 elementor-section-boxed elementor-section-height-default elementor-section-height-default\" data-id=\"2ab9bc46\" data-element_type=\"section\" data-settings=\"{&quot;background_background&quot;:&quot;classic&quot;}\">\n\t\t\t\t\t\t<div class=\"elementor-container elementor-column-gap-default\">\n\t\t\t\t\t<div class=\"elementor-column elementor-col-100 elementor-top-column elementor-element elementor-element-62ad417a\" data-id=\"62ad417a\" data-element_type=\"column\">\n\t\t\t<div class=\"elementor-widget-wrap elementor-element-populated\">\n\t\t\t\t\t\t<section class=\"elementor-section elementor-inner-section elementor-element elementor-element-2e6dfccd elementor-section-boxed elementor-section-height-default elementor-section-height-default\" data-id=\"2e6dfccd\" data-element_type=\"section\">\n\t\t\t\t\t\t<div class=\"elementor-container elementor-column-gap-default\">\n\t\t\t\t\t<div class=\"elementor-column elementor-col-50 elementor-inner-column elementor-element elementor-element-2de4dffb\" data-id=\"2de4dffb\" data-element_type=\"column\">\n\t\t\t<div class=\"elementor-widget-wrap elementor-element-populated\">\n\t\t\t\t\t\t<div class=\"elementor-element elementor-element-5acfa3bd elementor-widget elementor-widget-heading\" data-id=\"5acfa3bd\" data-element_type=\"widget\" data-widget_type=\"heading.default\">\n\t\t\t\t<div class=\"elementor-widget-container\">\n\t\t\t\t\t<h2 class=\"elementor-heading-title elementor-size-large\">Entre em contato com nossos Detetives e tire sua d\u00favida, temos diversas solu\u00e7\u00f5es para o seu problema, clique em CONTATO ao lado, \u00e9 r\u00e1pido e pr\u00e1tico.<\/h2>\t\t\t\t<\/div>\n\t\t\t\t<\/div>\n\t\t\t\t\t<\/div>\n\t\t<\/div>\n\t\t\t\t<div class=\"elementor-column elementor-col-50 elementor-inner-column elementor-element elementor-element-f8a963\" data-id=\"f8a963\" data-element_type=\"column\">\n\t\t\t<div class=\"elementor-widget-wrap elementor-element-populated\">\n\t\t\t\t\t\t<div class=\"elementor-element elementor-element-1d12e27 elementor-align-center elementor-widget elementor-widget-button\" data-id=\"1d12e27\" data-element_type=\"widget\" data-widget_type=\"button.default\">\n\t\t\t\t<div class=\"elementor-widget-container\">\n\t\t\t\t\t\t\t\t\t<div class=\"elementor-button-wrapper\">\n\t\t\t\t\t<a class=\"elementor-button elementor-button-link elementor-size-md\" href=\"https:\/\/www.espiaosip.com.br\/servicos\/contato\/\" rel=\"nofollow\">\n\t\t\t\t\t\t<span class=\"elementor-button-content-wrapper\">\n\t\t\t\t\t\t\t\t\t<span class=\"elementor-button-text\">CONTATO<\/span>\n\t\t\t\t\t<\/span>\n\t\t\t\t\t<\/a>\n\t\t\t\t<\/div>\n\t\t\t\t\t\t\t\t<\/div>\n\t\t\t\t<\/div>\n\t\t\t\t\t<\/div>\n\t\t<\/div>\n\t\t\t\t\t<\/div>\n\t\t<\/section>\n\t\t\t\t\t<\/div>\n\t\t<\/div>\n\t\t\t\t\t<\/div>\n\t\t<\/section>\n\t\t\t\t<\/div>\n\t\t","protected":false},"excerpt":{"rendered":"<p>Fale agora com um Detetive que atende em Santa Maria da Vitoria BA WhatsApp Hoje em dia a busca por Detetive Particular em Santa Maria da Vitoria BA na internet ficou cada vez mais intensa devido a grade necessidade da popula\u00e7\u00e3o solucionar casos investigativos que devem ser feitas por profissionais da \u00e1rea que cont\u00e9m experi\u00eancia &#8230; <a title=\"Detetive Particular em Santa Maria da Vitoria BA\" class=\"read-more\" href=\"https:\/\/www.espiaosip.com.br\/servicos\/detetive-particular-em-santa-maria-da-vitoria-ba\/\" aria-label=\"More on Detetive Particular em Santa Maria da Vitoria BA\">Ler mais<\/a><\/p>\n","protected":false},"author":2,"featured_media":0,"parent":0,"menu_order":0,"comment_status":"closed","ping_status":"closed","template":"","meta":{"footnotes":""},"class_list":["post-4878","page","type-page","status-publish"],"yoast_head":"<!-- This site is optimized with the Yoast SEO plugin v26.9 - https:\/\/yoast.com\/product\/yoast-seo-wordpress\/ -->\n<title>Detetive Particular em Santa Maria da Vitoria BA - Espiao SIP<\/title>\n<meta name=\"description\" content=\"Detetive Particular em Santa Maria da Vitoria BA, experi\u00eancia e comprometimento para resolver seu caso, sempre com sigilo absoluto, fa\u00e7a seu or\u00e7amento.\" \/>\n<meta name=\"robots\" content=\"index, follow, max-snippet:-1, max-image-preview:large, max-video-preview:-1\" \/>\n<link rel=\"canonical\" href=\"https:\/\/www.espiaosip.com.br\/servicos\/detetive-particular-em-santa-maria-da-vitoria-ba\/\" \/>\n<meta property=\"og:locale\" content=\"pt_BR\" \/>\n<meta property=\"og:type\" content=\"article\" \/>\n<meta property=\"og:title\" content=\"Detetive Particular em Santa Maria da Vitoria BA - Espiao SIP\" \/>\n<meta property=\"og:description\" content=\"Detetive Particular em Santa Maria da Vitoria BA, experi\u00eancia e comprometimento para resolver seu caso, sempre com sigilo absoluto, fa\u00e7a seu or\u00e7amento.\" \/>\n<meta property=\"og:url\" content=\"https:\/\/www.espiaosip.com.br\/servicos\/detetive-particular-em-santa-maria-da-vitoria-ba\/\" \/>\n<meta property=\"og:site_name\" content=\"Espiao SIP\" \/>\n<meta name=\"twitter:card\" content=\"summary_large_image\" \/>\n<meta name=\"twitter:label1\" content=\"Est. tempo de leitura\" \/>\n\t<meta name=\"twitter:data1\" content=\"5 minutos\" \/>\n<script type=\"application\/ld+json\" class=\"yoast-schema-graph\">{\"@context\":\"https:\/\/schema.org\",\"@graph\":[{\"@type\":\"WebPage\",\"@id\":\"https:\/\/www.espiaosip.com.br\/servicos\/detetive-particular-em-santa-maria-da-vitoria-ba\/\",\"url\":\"https:\/\/www.espiaosip.com.br\/servicos\/detetive-particular-em-santa-maria-da-vitoria-ba\/\",\"name\":\"Detetive Particular em Santa Maria da Vitoria BA - Espiao SIP\",\"isPartOf\":{\"@id\":\"https:\/\/www.espiaosip.com.br\/servicos\/#website\"},\"datePublished\":\"2017-10-20T20:54:51+00:00\",\"description\":\"Detetive Particular em Santa Maria da Vitoria BA, experi\u00eancia e comprometimento para resolver seu caso, sempre com sigilo absoluto, fa\u00e7a seu or\u00e7amento.\",\"breadcrumb\":{\"@id\":\"https:\/\/www.espiaosip.com.br\/servicos\/detetive-particular-em-santa-maria-da-vitoria-ba\/#breadcrumb\"},\"inLanguage\":\"pt-BR\",\"potentialAction\":[{\"@type\":\"ReadAction\",\"target\":[\"https:\/\/www.espiaosip.com.br\/servicos\/detetive-particular-em-santa-maria-da-vitoria-ba\/\"]}]},{\"@type\":\"BreadcrumbList\",\"@id\":\"https:\/\/www.espiaosip.com.br\/servicos\/detetive-particular-em-santa-maria-da-vitoria-ba\/#breadcrumb\",\"itemListElement\":[{\"@type\":\"ListItem\",\"position\":1,\"name\":\"In\u00edcio\",\"item\":\"https:\/\/www.espiaosip.com.br\/servicos\/\"},{\"@type\":\"ListItem\",\"position\":2,\"name\":\"Detetive Particular em Santa Maria da Vitoria BA\"}]},{\"@type\":\"WebSite\",\"@id\":\"https:\/\/www.espiaosip.com.br\/servicos\/#website\",\"url\":\"https:\/\/www.espiaosip.com.br\/servicos\/\",\"name\":\"Espiao SIP\",\"description\":\"Precisando de um Detetive Particular de Confian\u00e7a? Trabalhamos com sigilo 24 horas por dia. Entrem em contato para mais informa\u00e7\u00f5es.\",\"publisher\":{\"@id\":\"https:\/\/www.espiaosip.com.br\/servicos\/#organization\"},\"potentialAction\":[{\"@type\":\"SearchAction\",\"target\":{\"@type\":\"EntryPoint\",\"urlTemplate\":\"https:\/\/www.espiaosip.com.br\/servicos\/?s={search_term_string}\"},\"query-input\":{\"@type\":\"PropertyValueSpecification\",\"valueRequired\":true,\"valueName\":\"search_term_string\"}}],\"inLanguage\":\"pt-BR\"},{\"@type\":\"Organization\",\"@id\":\"https:\/\/www.espiaosip.com.br\/servicos\/#organization\",\"name\":\"Espiao SIP\",\"url\":\"https:\/\/www.espiaosip.com.br\/servicos\/\",\"logo\":{\"@type\":\"ImageObject\",\"inLanguage\":\"pt-BR\",\"@id\":\"https:\/\/www.espiaosip.com.br\/servicos\/#\/schema\/logo\/image\/\",\"url\":\"https:\/\/www.espiaosip.com.br\/servicos\/wp-content\/uploads\/2021\/03\/cropped-Detetive-Particular-1.png\",\"contentUrl\":\"https:\/\/www.espiaosip.com.br\/servicos\/wp-content\/uploads\/2021\/03\/cropped-Detetive-Particular-1.png\",\"width\":385,\"height\":112,\"caption\":\"Espiao SIP\"},\"image\":{\"@id\":\"https:\/\/www.espiaosip.com.br\/servicos\/#\/schema\/logo\/image\/\"}}]}<\/script>\n<!-- \/ Yoast SEO plugin. -->","yoast_head_json":{"title":"Detetive Particular em Santa Maria da Vitoria BA - Espiao SIP","description":"Detetive Particular em Santa Maria da Vitoria BA, experi\u00eancia e comprometimento para resolver seu caso, sempre com sigilo absoluto, fa\u00e7a seu or\u00e7amento.","robots":{"index":"index","follow":"follow","max-snippet":"max-snippet:-1","max-image-preview":"max-image-preview:large","max-video-preview":"max-video-preview:-1"},"canonical":"https:\/\/www.espiaosip.com.br\/servicos\/detetive-particular-em-santa-maria-da-vitoria-ba\/","og_locale":"pt_BR","og_type":"article","og_title":"Detetive Particular em Santa Maria da Vitoria BA - Espiao SIP","og_description":"Detetive Particular em Santa Maria da Vitoria BA, experi\u00eancia e comprometimento para resolver seu caso, sempre com sigilo absoluto, fa\u00e7a seu or\u00e7amento.","og_url":"https:\/\/www.espiaosip.com.br\/servicos\/detetive-particular-em-santa-maria-da-vitoria-ba\/","og_site_name":"Espiao SIP","twitter_card":"summary_large_image","twitter_misc":{"Est. tempo de leitura":"5 minutos"},"schema":{"@context":"https:\/\/schema.org","@graph":[{"@type":"WebPage","@id":"https:\/\/www.espiaosip.com.br\/servicos\/detetive-particular-em-santa-maria-da-vitoria-ba\/","url":"https:\/\/www.espiaosip.com.br\/servicos\/detetive-particular-em-santa-maria-da-vitoria-ba\/","name":"Detetive Particular em Santa Maria da Vitoria BA - Espiao SIP","isPartOf":{"@id":"https:\/\/www.espiaosip.com.br\/servicos\/#website"},"datePublished":"2017-10-20T20:54:51+00:00","description":"Detetive Particular em Santa Maria da Vitoria BA, experi\u00eancia e comprometimento para resolver seu caso, sempre com sigilo absoluto, fa\u00e7a seu or\u00e7amento.","breadcrumb":{"@id":"https:\/\/www.espiaosip.com.br\/servicos\/detetive-particular-em-santa-maria-da-vitoria-ba\/#breadcrumb"},"inLanguage":"pt-BR","potentialAction":[{"@type":"ReadAction","target":["https:\/\/www.espiaosip.com.br\/servicos\/detetive-particular-em-santa-maria-da-vitoria-ba\/"]}]},{"@type":"BreadcrumbList","@id":"https:\/\/www.espiaosip.com.br\/servicos\/detetive-particular-em-santa-maria-da-vitoria-ba\/#breadcrumb","itemListElement":[{"@type":"ListItem","position":1,"name":"In\u00edcio","item":"https:\/\/www.espiaosip.com.br\/servicos\/"},{"@type":"ListItem","position":2,"name":"Detetive Particular em Santa Maria da Vitoria BA"}]},{"@type":"WebSite","@id":"https:\/\/www.espiaosip.com.br\/servicos\/#website","url":"https:\/\/www.espiaosip.com.br\/servicos\/","name":"Espiao SIP","description":"Precisando de um Detetive Particular de Confian\u00e7a? Trabalhamos com sigilo 24 horas por dia. Entrem em contato para mais informa\u00e7\u00f5es.","publisher":{"@id":"https:\/\/www.espiaosip.com.br\/servicos\/#organization"},"potentialAction":[{"@type":"SearchAction","target":{"@type":"EntryPoint","urlTemplate":"https:\/\/www.espiaosip.com.br\/servicos\/?s={search_term_string}"},"query-input":{"@type":"PropertyValueSpecification","valueRequired":true,"valueName":"search_term_string"}}],"inLanguage":"pt-BR"},{"@type":"Organization","@id":"https:\/\/www.espiaosip.com.br\/servicos\/#organization","name":"Espiao SIP","url":"https:\/\/www.espiaosip.com.br\/servicos\/","logo":{"@type":"ImageObject","inLanguage":"pt-BR","@id":"https:\/\/www.espiaosip.com.br\/servicos\/#\/schema\/logo\/image\/","url":"https:\/\/www.espiaosip.com.br\/servicos\/wp-content\/uploads\/2021\/03\/cropped-Detetive-Particular-1.png","contentUrl":"https:\/\/www.espiaosip.com.br\/servicos\/wp-content\/uploads\/2021\/03\/cropped-Detetive-Particular-1.png","width":385,"height":112,"caption":"Espiao SIP"},"image":{"@id":"https:\/\/www.espiaosip.com.br\/servicos\/#\/schema\/logo\/image\/"}}]}},"_links":{"self":[{"href":"https:\/\/www.espiaosip.com.br\/servicos\/wp-json\/wp\/v2\/pages\/4878","targetHints":{"allow":["GET"]}}],"collection":[{"href":"https:\/\/www.espiaosip.com.br\/servicos\/wp-json\/wp\/v2\/pages"}],"about":[{"href":"https:\/\/www.espiaosip.com.br\/servicos\/wp-json\/wp\/v2\/types\/page"}],"author":[{"embeddable":true,"href":"https:\/\/www.espiaosip.com.br\/servicos\/wp-json\/wp\/v2\/users\/2"}],"replies":[{"embeddable":true,"href":"https:\/\/www.espiaosip.com.br\/servicos\/wp-json\/wp\/v2\/comments?post=4878"}],"version-history":[{"count":0,"href":"https:\/\/www.espiaosip.com.br\/servicos\/wp-json\/wp\/v2\/pages\/4878\/revisions"}],"wp:attachment":[{"href":"https:\/\/www.espiaosip.com.br\/servicos\/wp-json\/wp\/v2\/media?parent=4878"}],"curies":[{"name":"wp","href":"https:\/\/api.w.org\/{rel}","templated":true}]}}